{"id":1072,"date":"2017-09-19T09:16:26","date_gmt":"2017-09-19T09:16:26","guid":{"rendered":"https:\/\/cateringcoquo.com\/coquo-catering\/"},"modified":"2020-04-24T12:19:43","modified_gmt":"2020-04-24T12:19:43","slug":"coquo-catering","status":"publish","type":"page","link":"https:\/\/cateringcoquo.com\/es\/coquo-catering\/","title":{"rendered":"Quienes Somos?"},"content":{"rendered":"[mk_page_section bg_image=\u00bbhttps:\/\/cateringcoquo.com\/wp-content\/uploads\/2019\/09\/coquo-catering-espais-4.jpg\u00bb bg_position=\u00bbcenter bottom\u00bb bg_repeat=\u00bbno-repeat\u00bb bg_stretch=\u00bbtrue\u00bb enable_3d=\u00bbtrue\u00bb speed_factor=\u00bb1&#8243; video_color_mask=\u00bb#000000&#8243; video_opacity=\u00bb0.5&#8243; min_height=\u00bb800&#8243; js_vertical_centered=\u00bbtrue\u00bb padding_top=\u00bb0&#8243; padding_bottom=\u00bb0&#8243; sidebar=\u00bbsidebar-1&#8243;][vc_column][mk_image src=\u00bbhttps:\/\/cateringcoquo.com\/wp-content\/uploads\/2019\/09\/logo-slide-1.png\u00bb image_size=\u00bbmedium\u00bb align=\u00bbcenter\u00bb margin_bottom=\u00bb0&#8243; animation=\u00bbfade-in\u00bb][\/vc_column][\/mk_page_section][vc_row disable_element=\u00bbyes\u00bb][vc_column][vc_column_text css=\u00bb.vc_custom_1581956893280{margin-bottom: 0px !important;}\u00bb]Som Coquo C\u00e0tering, una empresa familiar dedicada al c\u00e0tering, nascuda d\u2019una cuina apassionada i dedicada, capa\u00e7 d\u2019emocionar i fer sentir als paladars m\u00e9s exquisits en les situacions m\u00e9s especials. Utilitzem ingredients, olors i sabors que evoquen als desitjos i les sensacions m\u00e9s \u00edntimes del cor i que transporten i converteixen els esdeveniments en\u00a0 situacions vertaderament inoblidables.<\/p>\n<p>Som uns enamorats del que fem i del com ho fem i volem que ho gaudeixis amb nosaltres i amb els teus, amb la fam\u00edlia, els amics, els companys&#8230;<\/p>\n<p>Tasta el millor vincle per construir el que m\u00e9s estimes amb <a href=\"https:\/\/blackstonebarcelona.com\/\">els qui m\u00e9s estimes.<\/a>[\/vc_column_text][\/vc_column][\/vc_row][mk_page_section bg_color=\u00bb#005357&#8243; bg_position=\u00bbcenter center\u00bb bg_repeat=\u00bbno-repeat\u00bb video_opacity=\u00bb0.5&#8243; min_height=\u00bb0&#8243; padding_top=\u00bb100&#8243; padding_bottom=\u00bb100&#8243; sidebar=\u00bbsidebar-1&#8243;][vc_column width=\u00bb1\/3&#8243;][mk_icon_box2 icon_type=\u00bbimage\u00bb icon_size=\u00bbinherit\u00bb icon_image=\u00bbhttps:\/\/cateringcoquo.com\/wp-content\/uploads\/2019\/10\/iconos-coquo-bodas-1.png\u00bb title_color=\u00bb#ffffff\u00bb title_top_padding=\u00bb0&#8243; title_bottom_padding=\u00bb0&#8243; description_color=\u00bb#ffffff\u00bb animation=\u00bbbottom-to-top\u00bb]\n<h4 style=\"color: white;\"><b>BODAS<\/b><\/h4>\n<div id=\"gtx-trans\" style=\"position: absolute; left: -59px; top: -4.73438px;\">\n<div class=\"gtx-trans-icon\"><\/div>\n<\/div>\n[\/mk_icon_box2][mk_padding_divider size=\u00bb30&#8243; visibility=\u00bbvisible-sm\u00bb][\/vc_column][vc_column width=\u00bb1\/3&#8243;][mk_icon_box2 icon_type=\u00bbimage\u00bb icon_size=\u00bbinherit\u00bb icon_image=\u00bbhttps:\/\/cateringcoquo.com\/wp-content\/uploads\/2019\/10\/iconos-coquo-empresas.png\u00bb title_color=\u00bb#ffffff\u00bb title_top_padding=\u00bb0&#8243; title_bottom_padding=\u00bb0&#8243; description_color=\u00bb#ffffff\u00bb animation=\u00bbbottom-to-top\u00bb]\n<h4 style=\"color: white;\"><b>EMPRESAS<\/b><\/h4>\n<div id=\"gtx-trans\" style=\"position: absolute; left: -67px; top: -4.73438px;\">\n<div class=\"gtx-trans-icon\"><\/div>\n<\/div>\n[\/mk_icon_box2][mk_padding_divider size=\u00bb30&#8243; visibility=\u00bbvisible-sm\u00bb][\/vc_column][vc_column width=\u00bb1\/3&#8243;][mk_icon_box2 icon_type=\u00bbimage\u00bb icon_size=\u00bbinherit\u00bb icon_image=\u00bbhttps:\/\/cateringcoquo.com\/wp-content\/uploads\/2019\/10\/iconos-coquo-particulares.png\u00bb title_color=\u00bb#ffffff\u00bb title_top_padding=\u00bb0&#8243; title_bottom_padding=\u00bb0&#8243; description_color=\u00bb#ffffff\u00bb animation=\u00bbbottom-to-top\u00bb]\n<h4 style=\"color: white;\"><b>PARTICULARES<\/b><\/h4>\n<div id=\"gtx-trans\" style=\"position: absolute; left: -57px; top: 43.2656px;\">\n<div class=\"gtx-trans-icon\"><\/div>\n<\/div>\n[\/mk_icon_box2][mk_padding_divider size=\u00bb30&#8243; visibility=\u00bbvisible-sm\u00bb][\/vc_column][\/mk_page_section][vc_row][vc_column][mk_padding_divider][\/vc_column][\/vc_row][vc_row fullwidth=\u00bbtrue\u00bb fullwidth_content=\u00bbfalse\u00bb attached=\u00bbtrue\u00bb column_padding=\u00bb5&#8243;][vc_column width=\u00bb1\/2&#8243;][mk_fancy_title color=\u00bb#111111&#8243; size=\u00bb60&#8243; force_font_size=\u00bbtrue\u00bb size_phone=\u00bb40&#8243; line_height=\u00bb90&#8243; font_weight=\u00bb300&#8243; font_style=\u00bbnormal\u00bb txt_transform=\u00bbuppercase\u00bb margin_bottom=\u00bb0&#8243; font_family=\u00bbMontserrat\u00bb font_type=\u00bbgoogle\u00bb responsive_align=\u00bbleft\u00bb animation=\u00bbbottom-to-top\u00bb]\n<p class=\"p1\">Or\u00edgenes<\/p>\n<div id=\"gtx-trans\" style=\"position: absolute; left: -118px; top: -10px;\">\n<div class=\"gtx-trans-icon\"><\/div>\n<\/div>\n[\/mk_fancy_title][mk_divider style=\u00bbthin_solid\u00bb thin_single_color=\u00bb#006266&#8243; thickness=\u00bb7&#8243; margin_top=\u00bb10&#8243; animation=\u00bbright-to-left\u00bb][mk_fancy_title tag_name=\u00bbspan\u00bb color=\u00bb#111111&#8243; size=\u00bb16&#8243; line_height=\u00bb160&#8243; font_weight=\u00bb400&#8243; font_style=\u00bbnormal\u00bb txt_transform=\u00bbnone\u00bb font_family=\u00bbMontserrat\u00bb font_type=\u00bbgoogle\u00bb responsive_align=\u00bbleft\u00bb animation=\u00bbbottom-to-top\u00bb]Somos Coqui Catering, una empresa familiar dedicada al catering, nacida de una cocina apasionada y dedicada, capaz de emocionar y hacer sentir a los paladares m\u00e1s exquisitos en las situaciones m\u00e1s especiales. Utilizamos ingredientes, olores y sabores que evocan a los deseos y las sensaciones m\u00e1s \u00edntimas del coraz\u00f3n y que transportan y convierten los acontecimientos en situaciones verdaderamente inolvidables.<\/p>\n<p>Somos unos enamorados de lo que hacemos y del c\u00f3mo lo hacemos y queremos que lo disfrutes con nosotros y con los tuyos, con la familia, los amigos, los compa\u00f1eros &#8230;<\/p>\n<p>Prueba el mejor v\u00ednculo para construir lo que m\u00e1s quieres con los que m\u00e1s quieres.[\/mk_fancy_title][\/vc_column][vc_column width=\u00bb1\/2&#8243;][mk_fancy_title color=\u00bb#111111&#8243; size=\u00bb60&#8243; force_font_size=\u00bbtrue\u00bb size_phone=\u00bb40&#8243; line_height=\u00bb90&#8243; font_weight=\u00bb300&#8243; font_style=\u00bbnormal\u00bb txt_transform=\u00bbuppercase\u00bb margin_bottom=\u00bb0&#8243; font_family=\u00bbMontserrat\u00bb font_type=\u00bbgoogle\u00bb responsive_align=\u00bbleft\u00bb animation=\u00bbbottom-to-top\u00bb]\n<p class=\"p1\">Filosof\u00eda<\/p>\n<div id=\"gtx-trans\" style=\"position: absolute; left: -118px; top: -10px;\">\n<div class=\"gtx-trans-icon\"><\/div>\n<\/div>\n[\/mk_fancy_title][mk_divider style=\u00bbthin_solid\u00bb thin_single_color=\u00bb#006266&#8243; thickness=\u00bb7&#8243; margin_top=\u00bb10&#8243; animation=\u00bbright-to-left\u00bb][mk_fancy_title tag_name=\u00bbspan\u00bb color=\u00bb#111111&#8243; size=\u00bb16&#8243; line_height=\u00bb160&#8243; font_weight=\u00bb400&#8243; font_style=\u00bbnormal\u00bb txt_transform=\u00bbnone\u00bb font_family=\u00bbMontserrat\u00bb font_type=\u00bbgoogle\u00bb responsive_align=\u00bbleft\u00bb animation=\u00bbbottom-to-top\u00bb]Para nosotros, lo m\u00e1s importante es que todo salga tal como t\u00fa lo tienes pensado. Por ello, nos ponemos \u00edntegramente a tu servicio para proporcionarte la mejor experiencia y la mejor calidad. Te ofrecemos una cocina reci\u00e9n hecha, todo el momento. Ponemos a tu disposici\u00f3n productos frescos y de calidad que se transforman en una realidad cercana y sincera con la que disfrutar con los tuyos. Introducimos nuevos alimentos y recuperamos otros que muchos cre\u00edan olvidados. Equilibramos nuestras ra\u00edces mediterr\u00e1neas con pinceladas de las nuevas corrientes. Hacemos un catering saludable que cuenta con opciones tanto veganas como vegetarianas.<\/p>\n<p>Entendemos que cada evento es \u00fanico e irrepetible y as\u00ed es nuestro trato. Nos desvivimos por nuestros clientes con un servicio \u00fanico, individualizado y exclusivo para cada caso. Adaptamos nuestro trabajo y nuestros men\u00fas en funci\u00f3n de lo que se desee.<\/p>\n<p><a href=\"https:\/\/cateringcoquo.com\/contacte\/\">Estamos contigo y por ti.<\/a>[\/mk_fancy_title][\/vc_column][\/vc_row][vc_row css=\u00bb.vc_custom_1582017079839{margin-bottom: 60px !important;}\u00bb][vc_column width=\u00bb1\/4&#8243;][\/vc_column][vc_column width=\u00bb1\/2&#8243;][mk_image src=\u00bbhttps:\/\/cateringcoquo.com\/wp-content\/uploads\/2020\/02\/coquo-catering-dossier-mockup-1.jpg\u00bb image_size=\u00bbfull\u00bb link=\u00bbhttps:\/\/cateringcoquo.com\/wp-content\/uploads\/2020\/02\/coquocatering-dossier.pdf\u00bb align=\u00bbcenter\u00bb margin_bottom=\u00bb0&#8243;][mk_button dimension=\u00bboutline\u00bb corner_style=\u00bbfull_rounded\u00bb size=\u00bbx-large\u00bb letter_spacing=\u00bb1&#8243; url=\u00bbhttps:\/\/cateringcoquo.com\/wp-content\/uploads\/2020\/02\/coquocatering-dossier.pdf\u00bb target=\u00bb_blank\u00bb align=\u00bbcenter\u00bb fullwidth=\u00bbtrue\u00bb]VER NUESTRO DOSSIER[\/mk_button][\/vc_column][vc_column width=\u00bb1\/4&#8243;][\/vc_column][\/vc_row][mk_page_section bg_image=\u00bbhttps:\/\/cateringcoquo.com\/wp-content\/uploads\/2019\/09\/coquo-catering-19.jpg\u00bb bg_position=\u00bbcenter center\u00bb bg_repeat=\u00bbno-repeat\u00bb bg_stretch=\u00bbtrue\u00bb video_color_mask=\u00bb#000000&#8243; video_opacity=\u00bb0.5&#8243; min_height=\u00bb600&#8243; full_width=\u00bbtrue\u00bb js_vertical_centered=\u00bbtrue\u00bb padding_top=\u00bb100&#8243; padding_bottom=\u00bb100&#8243; sidebar=\u00bbsidebar-1&#8243;][vc_column][mk_fancy_title color=\u00bb#ffffff\u00bb size=\u00bb90&#8243; force_font_size=\u00bbtrue\u00bb size_smallscreen=\u00bb50&#8243; size_tablet=\u00bb40&#8243; size_phone=\u00bb70&#8243; font_weight=\u00bb300&#8243; txt_transform=\u00bbuppercase\u00bb margin_bottom=\u00bb0&#8243; font_family=\u00bbMontserrat\u00bb font_type=\u00bbgoogle\u00bb align=\u00bbcenter\u00bb animation=\u00bbflip-x\u00bb]DISFRUTA DE LO QUE ES BUENO[\/mk_fancy_title][\/vc_column][\/mk_page_section][mk_page_section bg_color=\u00bb#005357&#8243; bg_stretch=\u00bbtrue\u00bb full_width=\u00bbtrue\u00bb padding_top=\u00bb80&#8243; padding_bottom=\u00bb60&#8243; sidebar=\u00bbsidebar-1&#8243;][vc_column][mk_fancy_title tag_name=\u00bbh3&#8243; color=\u00bb#ffffff\u00bb size=\u00bb45&#8243; line_height=\u00bb90&#8243; font_weight=\u00bb300&#8243; txt_transform=\u00bbuppercase\u00bb font_family=\u00bbnone\u00bb align=\u00bbcenter\u00bb animation=\u00bbbottom-to-top\u00bb]HAZ UNA RESERVA<\/p>\n<div id=\"gtx-trans\" style=\"position: absolute; left: -269px; top: -10px;\">\n<div class=\"gtx-trans-icon\"><\/div>\n<\/div>\n[\/mk_fancy_title][vc_row_inner is_fullwidth_content=\u00bbfalse\u00bb][vc_column_inner width=\u00bb1\/6&#8243;][\/vc_column_inner][vc_column_inner width=\u00bb2\/3&#8243;]<div class=\"wpforms-container wpforms-container-full\" id=\"wpforms-503\"><form id=\"wpforms-form-503\" class=\"wpforms-validate wpforms-form\" data-formid=\"503\" method=\"post\" enctype=\"multipart\/form-data\" action=\"\/es\/wp-json\/wp\/v2\/pages\/1072\" data-token=\"95c7495e4cf2ee96d9d108208515abae\" data-token-time=\"1777511611\"><noscript class=\"wpforms-error-noscript\">Por favor, activa JavaScript en tu navegador para completar este formulario.<\/noscript><div class=\"wpforms-field-container\"><div id=\"wpforms-503-field_0-container\" class=\"wpforms-field wpforms-field-name\" data-field-id=\"0\"><label class=\"wpforms-field-label wpforms-label-hide\" for=\"wpforms-503-field_0\">Name <span class=\"wpforms-required-label\">*<\/span><\/label><input type=\"text\" id=\"wpforms-503-field_0\" class=\"wpforms-field-large wpforms-field-required\" name=\"wpforms[fields][0]\" placeholder=\"Nom*\" required><\/div><div id=\"wpforms-503-field_1-container\" class=\"wpforms-field wpforms-field-email\" data-field-id=\"1\"><label class=\"wpforms-field-label wpforms-label-hide\" for=\"wpforms-503-field_1\">Email <span class=\"wpforms-required-label\">*<\/span><\/label><input type=\"email\" id=\"wpforms-503-field_1\" class=\"wpforms-field-large wpforms-field-required\" name=\"wpforms[fields][1]\" placeholder=\"E-mail*\" spellcheck=\"false\" required><\/div><div id=\"wpforms-503-field_2-container\" class=\"wpforms-field wpforms-field-textarea\" data-field-id=\"2\"><label class=\"wpforms-field-label wpforms-label-hide\" for=\"wpforms-503-field_2\">Missatge <span class=\"wpforms-required-label\">*<\/span><\/label><textarea id=\"wpforms-503-field_2\" class=\"wpforms-field-medium wpforms-field-required\" name=\"wpforms[fields][2]\" placeholder=\"Missatge\" required><\/textarea><\/div><div id=\"wpforms-503-field_3-container\" class=\"wpforms-field wpforms-field-checkbox\" data-field-id=\"3\"><label class=\"wpforms-field-label wpforms-label-hide\">Checkboxes <span class=\"wpforms-required-label\">*<\/span><\/label><ul id=\"wpforms-503-field_3\" class=\"wpforms-field-required\"><li class=\"choice-1 depth-1\"><input type=\"checkbox\" id=\"wpforms-503-field_3_1\" name=\"wpforms[fields][3][]\" value=\"&lt;font color=&quot;white&quot;&gt;* Dono el meu consentiment perqu\u00e8 Coquo Catering recopili les meves dades.&lt;\/font&gt;\" required ><label class=\"wpforms-field-label-inline\" for=\"wpforms-503-field_3_1\"><font color=\"white\">* Dono el meu consentiment perqu\u00e8 Coquo Catering recopili les meves dades.<\/font><\/label><\/li><\/ul><\/div><\/div><!-- .wpforms-field-container --><div class=\"wpforms-field wpforms-field-hp\"><label for=\"wpforms-503-field-hp\" class=\"wpforms-field-label\">Website<\/label><input type=\"text\" name=\"wpforms[hp]\" id=\"wpforms-503-field-hp\" class=\"wpforms-field-medium\"><\/div><div class=\"wpforms-submit-container\" ><input type=\"hidden\" name=\"wpforms[id]\" value=\"503\"><input type=\"hidden\" name=\"page_title\" value=\"\"><input type=\"hidden\" name=\"page_url\" value=\"https:\/\/cateringcoquo.com\/es\/wp-json\/wp\/v2\/pages\/1072\"><input type=\"hidden\" name=\"url_referer\" value=\"\"><button type=\"submit\" name=\"wpforms[submit]\" id=\"wpforms-submit-503\" class=\"wpforms-submit\" data-alt-text=\"Enviar...\" data-submit-text=\"Enviar\" aria-live=\"assertive\" value=\"wpforms-submit\">Enviar<\/button><\/div><\/form><\/div>  <!-- .wpforms-container -->[\/vc_column_inner][vc_column_inner width=\u00bb1\/6&#8243;][\/vc_column_inner][\/vc_row_inner][\/vc_column][\/mk_page_section]\n","protected":false},"excerpt":{"rendered":"<p>[mk_page_section bg_image=\u00bbhttps:\/\/cateringcoquo.com\/wp-content\/uploads\/2019\/09\/coquo-catering-espais-4.jpg\u00bb bg_position=\u00bbcenter bottom\u00bb bg_repeat=\u00bbno-repeat\u00bb bg_stretch=\u00bbtrue\u00bb enable_3d=\u00bbtrue\u00bb speed_factor=\u00bb1&#8243; video_color_mask=\u00bb#000000&#8243; video_opacity=\u00bb0.5&#8243; min_height=\u00bb800&#8243; js_vertical_centered=\u00bbtrue\u00bb padding_top=\u00bb0&#8243; padding_bottom=\u00bb0&#8243; sidebar=\u00bbsidebar-1&#8243;][vc_column][mk_image src=\u00bbhttps:\/\/cateringcoquo.com\/wp-content\/uploads\/2019\/09\/logo-slide-1.png\u00bb image_size=\u00bbmedium\u00bb align=\u00bbcenter\u00bb margin_bottom=\u00bb0&#8243; animation=\u00bbfade-in\u00bb][\/vc_column][\/mk_page_section][vc_row disable_element=\u00bbyes\u00bb][vc_column][vc_column_text css=\u00bb.vc_custom_1581956893280{margin-bottom: 0px !important;}\u00bb]Som Coquo C\u00e0tering, una empresa familiar dedicada al c\u00e0tering, nascuda d\u2019una cuina apassionada i dedicada, capa\u00e7 d\u2019emocionar i fer sentir als paladars m\u00e9s exquisits en les situacions m\u00e9s especials. Utilitzem ingredients, olors [&hellip;]<\/p>\n","protected":false},"author":1,"featured_media":0,"parent":0,"menu_order":0,"comment_status":"closed","ping_status":"closed","template":"","meta":{"footnotes":""},"class_list":["post-1072","page","type-page","status-publish","hentry"],"yoast_head":"<!-- This site is optimized with the Yoast SEO plugin v27.3 - https:\/\/yoast.com\/product\/yoast-seo-wordpress\/ -->\n<title>Quienes Somos? - Coquo C\u00e0tering: El millor c\u00e0tering de Barcelona<\/title>\n<meta name=\"description\" content=\"Som Coquo C\u00e0tering, una empresa familiar dedicada al c\u00e0tering, capa\u00e7 d\u2019emocionar i fer sentir als paladars m\u00e9s exquisits en les situacions m\u00e9s especials.\" \/>\n<meta name=\"robots\" content=\"index, follow, max-snippet:-1, max-image-preview:large, max-video-preview:-1\" \/>\n<link rel=\"canonical\" href=\"https:\/\/cateringcoquo.com\/es\/coquo-catering\/\" \/>\n<meta property=\"og:locale\" content=\"es_ES\" \/>\n<meta property=\"og:type\" content=\"article\" \/>\n<meta property=\"og:title\" content=\"Quienes Somos? - Coquo C\u00e0tering: El millor c\u00e0tering de Barcelona\" \/>\n<meta property=\"og:description\" content=\"Som Coquo C\u00e0tering, una empresa familiar dedicada al c\u00e0tering, capa\u00e7 d\u2019emocionar i fer sentir als paladars m\u00e9s exquisits en les situacions m\u00e9s especials.\" \/>\n<meta property=\"og:url\" content=\"https:\/\/cateringcoquo.com\/es\/coquo-catering\/\" \/>\n<meta property=\"og:site_name\" content=\"Catering Coquo\" \/>\n<meta property=\"article:modified_time\" content=\"2020-04-24T12:19:43+00:00\" \/>\n<meta name=\"twitter:card\" content=\"summary_large_image\" \/>\n<meta name=\"twitter:label1\" content=\"Tiempo de lectura\" \/>\n\t<meta name=\"twitter:data1\" content=\"5 minutos\" \/>\n<script type=\"application\/ld+json\" class=\"yoast-schema-graph\">{\"@context\":\"https:\\\/\\\/schema.org\",\"@graph\":[{\"@type\":\"WebPage\",\"@id\":\"https:\\\/\\\/cateringcoquo.com\\\/es\\\/coquo-catering\\\/\",\"url\":\"https:\\\/\\\/cateringcoquo.com\\\/es\\\/coquo-catering\\\/\",\"name\":\"Quienes Somos? - Coquo C\u00e0tering: El millor c\u00e0tering de Barcelona\",\"isPartOf\":{\"@id\":\"https:\\\/\\\/cateringcoquo.com\\\/es\\\/#website\"},\"datePublished\":\"2017-09-19T09:16:26+00:00\",\"dateModified\":\"2020-04-24T12:19:43+00:00\",\"description\":\"Som Coquo C\u00e0tering, una empresa familiar dedicada al c\u00e0tering, capa\u00e7 d\u2019emocionar i fer sentir als paladars m\u00e9s exquisits en les situacions m\u00e9s especials.\",\"breadcrumb\":{\"@id\":\"https:\\\/\\\/cateringcoquo.com\\\/es\\\/coquo-catering\\\/#breadcrumb\"},\"inLanguage\":\"es\",\"potentialAction\":[{\"@type\":\"ReadAction\",\"target\":[\"https:\\\/\\\/cateringcoquo.com\\\/es\\\/coquo-catering\\\/\"]}]},{\"@type\":\"BreadcrumbList\",\"@id\":\"https:\\\/\\\/cateringcoquo.com\\\/es\\\/coquo-catering\\\/#breadcrumb\",\"itemListElement\":[{\"@type\":\"ListItem\",\"position\":1,\"name\":\"Portada\",\"item\":\"https:\\\/\\\/cateringcoquo.com\\\/es\\\/\"},{\"@type\":\"ListItem\",\"position\":2,\"name\":\"Quienes Somos?\"}]},{\"@type\":\"WebSite\",\"@id\":\"https:\\\/\\\/cateringcoquo.com\\\/es\\\/#website\",\"url\":\"https:\\\/\\\/cateringcoquo.com\\\/es\\\/\",\"name\":\"Catering Coquo\",\"description\":\"Empresa de c\u00e0tering en Barcelona\",\"potentialAction\":[{\"@type\":\"SearchAction\",\"target\":{\"@type\":\"EntryPoint\",\"urlTemplate\":\"https:\\\/\\\/cateringcoquo.com\\\/es\\\/?s={search_term_string}\"},\"query-input\":{\"@type\":\"PropertyValueSpecification\",\"valueRequired\":true,\"valueName\":\"search_term_string\"}}],\"inLanguage\":\"es\"}]}<\/script>\n<!-- \/ Yoast SEO plugin. -->","yoast_head_json":{"title":"Quienes Somos? - Coquo C\u00e0tering: El millor c\u00e0tering de Barcelona","description":"Som Coquo C\u00e0tering, una empresa familiar dedicada al c\u00e0tering, capa\u00e7 d\u2019emocionar i fer sentir als paladars m\u00e9s exquisits en les situacions m\u00e9s especials.","robots":{"index":"index","follow":"follow","max-snippet":"max-snippet:-1","max-image-preview":"max-image-preview:large","max-video-preview":"max-video-preview:-1"},"canonical":"https:\/\/cateringcoquo.com\/es\/coquo-catering\/","og_locale":"es_ES","og_type":"article","og_title":"Quienes Somos? - Coquo C\u00e0tering: El millor c\u00e0tering de Barcelona","og_description":"Som Coquo C\u00e0tering, una empresa familiar dedicada al c\u00e0tering, capa\u00e7 d\u2019emocionar i fer sentir als paladars m\u00e9s exquisits en les situacions m\u00e9s especials.","og_url":"https:\/\/cateringcoquo.com\/es\/coquo-catering\/","og_site_name":"Catering Coquo","article_modified_time":"2020-04-24T12:19:43+00:00","twitter_card":"summary_large_image","twitter_misc":{"Tiempo de lectura":"5 minutos"},"schema":{"@context":"https:\/\/schema.org","@graph":[{"@type":"WebPage","@id":"https:\/\/cateringcoquo.com\/es\/coquo-catering\/","url":"https:\/\/cateringcoquo.com\/es\/coquo-catering\/","name":"Quienes Somos? - Coquo C\u00e0tering: El millor c\u00e0tering de Barcelona","isPartOf":{"@id":"https:\/\/cateringcoquo.com\/es\/#website"},"datePublished":"2017-09-19T09:16:26+00:00","dateModified":"2020-04-24T12:19:43+00:00","description":"Som Coquo C\u00e0tering, una empresa familiar dedicada al c\u00e0tering, capa\u00e7 d\u2019emocionar i fer sentir als paladars m\u00e9s exquisits en les situacions m\u00e9s especials.","breadcrumb":{"@id":"https:\/\/cateringcoquo.com\/es\/coquo-catering\/#breadcrumb"},"inLanguage":"es","potentialAction":[{"@type":"ReadAction","target":["https:\/\/cateringcoquo.com\/es\/coquo-catering\/"]}]},{"@type":"BreadcrumbList","@id":"https:\/\/cateringcoquo.com\/es\/coquo-catering\/#breadcrumb","itemListElement":[{"@type":"ListItem","position":1,"name":"Portada","item":"https:\/\/cateringcoquo.com\/es\/"},{"@type":"ListItem","position":2,"name":"Quienes Somos?"}]},{"@type":"WebSite","@id":"https:\/\/cateringcoquo.com\/es\/#website","url":"https:\/\/cateringcoquo.com\/es\/","name":"Catering Coquo","description":"Empresa de c\u00e0tering en Barcelona","potentialAction":[{"@type":"SearchAction","target":{"@type":"EntryPoint","urlTemplate":"https:\/\/cateringcoquo.com\/es\/?s={search_term_string}"},"query-input":{"@type":"PropertyValueSpecification","valueRequired":true,"valueName":"search_term_string"}}],"inLanguage":"es"}]}},"_links":{"self":[{"href":"https:\/\/cateringcoquo.com\/es\/wp-json\/wp\/v2\/pages\/1072","targetHints":{"allow":["GET"]}}],"collection":[{"href":"https:\/\/cateringcoquo.com\/es\/wp-json\/wp\/v2\/pages"}],"about":[{"href":"https:\/\/cateringcoquo.com\/es\/wp-json\/wp\/v2\/types\/page"}],"author":[{"embeddable":true,"href":"https:\/\/cateringcoquo.com\/es\/wp-json\/wp\/v2\/users\/1"}],"replies":[{"embeddable":true,"href":"https:\/\/cateringcoquo.com\/es\/wp-json\/wp\/v2\/comments?post=1072"}],"version-history":[{"count":3,"href":"https:\/\/cateringcoquo.com\/es\/wp-json\/wp\/v2\/pages\/1072\/revisions"}],"predecessor-version":[{"id":1090,"href":"https:\/\/cateringcoquo.com\/es\/wp-json\/wp\/v2\/pages\/1072\/revisions\/1090"}],"wp:attachment":[{"href":"https:\/\/cateringcoquo.com\/es\/wp-json\/wp\/v2\/media?parent=1072"}],"curies":[{"name":"wp","href":"https:\/\/api.w.org\/{rel}","templated":true}]}}