{"id":1069,"date":"2019-09-30T08:53:29","date_gmt":"2019-09-30T08:53:29","guid":{"rendered":"https:\/\/cateringcoquo.com\/particulars\/"},"modified":"2020-05-25T16:52:24","modified_gmt":"2020-05-25T16:52:24","slug":"particulars","status":"publish","type":"page","link":"https:\/\/cateringcoquo.com\/es\/particulars\/","title":{"rendered":"Particulars"},"content":{"rendered":"[mk_page_section bg_image=\u00bbhttps:\/\/cateringcoquo.com\/wp-content\/uploads\/2019\/09\/coquo-catering-particulars-5.jpg\u00bb bg_position=\u00bbcenter center\u00bb bg_repeat=\u00bbno-repeat\u00bb bg_stretch=\u00bbtrue\u00bb video_color_mask=\u00bb#000000&#8243; video_opacity=\u00bb0.5&#8243; min_height=\u00bb600&#8243; js_vertical_centered=\u00bbtrue\u00bb sidebar=\u00bbsidebar-1&#8243;][vc_column][mk_fancy_title tag_name=\u00bbh1&#8243; color=\u00bb#ffffff\u00bb size=\u00bb70&#8243; force_font_size=\u00bbtrue\u00bb size_tablet=\u00bb70&#8243; font_weight=\u00bbbold\u00bb txt_transform=\u00bbnone\u00bb margin_bottom=\u00bb0&#8243; font_family=\u00bbnone\u00bb align=\u00bbcenter\u00bb animation=\u00bbfade-in\u00bb]PARTICULARES[\/mk_fancy_title][\/vc_column][\/mk_page_section][mk_page_section bg_color=\u00bb#005357&#8243; bg_position=\u00bbcenter center\u00bb bg_repeat=\u00bbno-repeat\u00bb video_opacity=\u00bb0.5&#8243; min_height=\u00bb0&#8243; padding_top=\u00bb80&#8243; padding_bottom=\u00bb80&#8243; sidebar=\u00bbsidebar-1&#8243;][vc_column width=\u00bb1\/3&#8243;][mk_icon_box2 icon_type=\u00bbimage\u00bb icon_size=\u00bbinherit\u00bb icon_image=\u00bbhttps:\/\/cateringcoquo.com\/wp-content\/uploads\/2019\/10\/iconos-coquo-privado.png\u00bb title_color=\u00bb#ffffff\u00bb title_top_padding=\u00bb0&#8243; title_bottom_padding=\u00bb0&#8243; description_color=\u00bb#ffffff\u00bb animation=\u00bbtop-to-bottom\u00bb]\n<h4 style=\"color: white;\">CELEBRACIONES PRIVADAS<\/h4>\n<div id=\"gtx-trans\" style=\"position: absolute; left: -31px; top: -4.73438px;\">\n<div class=\"gtx-trans-icon\"><\/div>\n<\/div>\n[\/mk_icon_box2][mk_padding_divider size=\u00bb30&#8243; visibility=\u00bbvisible-sm\u00bb][\/vc_column][vc_column width=\u00bb1\/3&#8243;][mk_icon_box2 icon_type=\u00bbimage\u00bb icon_size=\u00bbinherit\u00bb icon_image=\u00bbhttps:\/\/cateringcoquo.com\/wp-content\/uploads\/2019\/10\/iconos-coquo-delivery.png\u00bb title_color=\u00bb#ffffff\u00bb title_top_padding=\u00bb0&#8243; title_bottom_padding=\u00bb0&#8243; description_color=\u00bb#ffffff\u00bb animation=\u00bbtop-to-bottom\u00bb]\n<h4 style=\"color: white;\">COMIDA PARA LLEVAR<\/h4>\n[\/mk_icon_box2][mk_padding_divider size=\u00bb30&#8243; visibility=\u00bbvisible-sm\u00bb][\/vc_column][vc_column width=\u00bb1\/3&#8243;][mk_icon_box2 icon_type=\u00bbimage\u00bb icon_size=\u00bbinherit\u00bb icon_image=\u00bbhttps:\/\/cateringcoquo.com\/wp-content\/uploads\/2019\/10\/iconos-coquo-full-1.png\u00bb title_color=\u00bb#ffffff\u00bb title_top_padding=\u00bb0&#8243; title_bottom_padding=\u00bb0&#8243; description_color=\u00bb#ffffff\u00bb animation=\u00bbtop-to-bottom\u00bb]\n<h4 style=\"color: white;\">POSIBILIDAD DE CATERING COMPLETO<\/h4>\n<div id=\"gtx-trans\" style=\"position: absolute; left: 227px; top: 67.2656px;\">\n<div class=\"gtx-trans-icon\"><\/div>\n<\/div>\n[\/mk_icon_box2][mk_padding_divider size=\u00bb30&#8243; visibility=\u00bbvisible-sm\u00bb][\/vc_column][\/mk_page_section][vc_row][vc_column][mk_padding_divider size=\u00bb100&#8243;][\/vc_column][\/vc_row][vc_row][vc_column width=\u00bb1\/2&#8243;][mk_image src=\u00bbhttps:\/\/cateringcoquo.com\/wp-content\/uploads\/2019\/09\/coquo-catering-30.jpg\u00bb image_size=\u00bbfull\u00bb animation=\u00bbbottom-to-top\u00bb][mk_padding_divider size=\u00bb30&#8243;][\/vc_column][vc_column width=\u00bb1\/2&#8243;][mk_fancy_title color=\u00bb#111111&#8243; size=\u00bb55&#8243; force_font_size=\u00bbtrue\u00bb size_phone=\u00bb35&#8243; font_weight=\u00bb300&#8243; font_style=\u00bbnormal\u00bb txt_transform=\u00bbuppercase\u00bb margin_bottom=\u00bb0&#8243; font_family=\u00bbMontserrat\u00bb font_type=\u00bbgoogle\u00bb animation=\u00bbright-to-left\u00bb]\n<p class=\"p1\">Hasta las celebraciones m\u00e1s peque\u00f1as merecen grandes experiencias.<\/p>\n<div id=\"gtx-trans\" style=\"position: absolute; left: -125px; top: -10px;\">\n<div class=\"gtx-trans-icon\"><\/div>\n<\/div>\n[\/mk_fancy_title][mk_divider style=\u00bbthin_solid\u00bb thin_single_color=\u00bb#006266&#8243; thickness=\u00bb7&#8243; margin_top=\u00bb23&#8243; margin_bottom=\u00bb53&#8243; animation=\u00bbright-to-left\u00bb][mk_image src=\u00bbhttps:\/\/cateringcoquo.com\/wp-content\/uploads\/2019\/09\/coquo-catering-particulars-3.jpg\u00bb image_size=\u00bbfull\u00bb margin_bottom=\u00bb0&#8243; animation=\u00bbright-to-left\u00bb][\/vc_column][\/vc_row][vc_row fullwidth=\u00bbtrue\u00bb equal_columns=\u00bbtrue\u00bb css=\u00bb.vc_custom_1570093357056{margin-top: 50px !important;margin-bottom: 50px !important;}\u00bb][vc_column width=\u00bb1\/2&#8243; css=\u00bb.vc_custom_1570093397042{background-image: url(https:\/\/cateringcoquo.com\/wp-content\/uploads\/2019\/09\/coquo-catering-particulars-2.jpg?id=194) !important;background-position: center !important;background-repeat: no-repeat !important;background-size: cover !important;}\u00bb][mk_padding_divider size=\u00bb500&#8243;][\/vc_column][vc_column width=\u00bb1\/4&#8243;][mk_fancy_title tag_name=\u00bbspan\u00bb color=\u00bb#111111&#8243; size=\u00bb18&#8243; force_font_size=\u00bbtrue\u00bb size_phone=\u00bb16&#8243; line_height=\u00bb160&#8243; font_weight=\u00bb300&#8243; font_style=\u00bbnormal\u00bb txt_transform=\u00bbnone\u00bb margin_top=\u00bb30&#8243; margin_bottom=\u00bb30&#8243; font_family=\u00bbMontserrat\u00bb font_type=\u00bbgoogle\u00bb responsive_align=\u00bbleft\u00bb animation=\u00bbbottom-to-top\u00bb]\u00bfNecesitas ayuda para organizar un asunto privado? \u00bfQuieres montar un evento y no sabes muy bien por d\u00f3nde empezar? \u00bfDudas con el catering, el lugar, el personal con quien trabajar&#8230;? \u00a1No te preocupes m\u00e1s! En Coquo te ofrecemos toda la ayuda para tu comodidad: comuniones, bautizos, reuniones familiares, cumplea\u00f1os, bodas de oro&#8230; Nos adaptamos a tus necesidades, ponemos a tu disposici\u00f3n desde la comida, hasta el servicio completo con equipo de catering. \u00a1No tendr\u00e1s que preocuparte de nada! \u00a1Di lo que quieres y nosotros nos encargamos![\/mk_fancy_title][\/vc_column][vc_column width=\u00bb1\/4&#8243;][\/vc_column][\/vc_row][vc_row fullwidth=\u00bbtrue\u00bb equal_columns=\u00bbtrue\u00bb css=\u00bb.vc_custom_1570093357056{margin-top: 50px !important;margin-bottom: 50px !important;}\u00bb][vc_column width=\u00bb1\/3&#8243; css=\u00bb.vc_custom_1582042353562{background-position: center !important;background-repeat: no-repeat !important;background-size: cover !important;}\u00bb][\/vc_column][vc_column width=\u00bb1\/3&#8243;][mk_image src=\u00bbhttps:\/\/cateringcoquo.com\/wp-content\/uploads\/2020\/02\/coquo-catering-dossier-mockup-1.jpg\u00bb image_size=\u00bbfull\u00bb link=\u00bbhttps:\/\/cateringcoquo.com\/wp-content\/uploads\/2020\/02\/coquocatering-particulars.pdf\u00bb target=\u00bb_blank\u00bb align=\u00bbcenter\u00bb margin_bottom=\u00bb0&#8243;][mk_button dimension=\u00bboutline\u00bb corner_style=\u00bbfull_rounded\u00bb size=\u00bblarge\u00bb letter_spacing=\u00bb1&#8243; url=\u00bbhttps:\/\/cateringcoquo.com\/wp-content\/uploads\/2020\/05\/coquocatering-particulares-b-comprimido.pdf\u00bb target=\u00bb_blank\u00bb fullwidth=\u00bbtrue\u00bb margin_top=\u00bb20&#8243; margin_bottom=\u00bb30&#8243; margin_right=\u00bb0&#8243; outline_skin=\u00bbcustom\u00bb outline_active_color=\u00bb#005457&#8243; outline_active_text_color=\u00bb#005457&#8243; outline_hover_bg_color=\u00bb#000000&#8243; outline_hover_color=\u00bb#ffffff\u00bb]VER EL CAT\u00c1LOGO DE PARTICULARES[\/mk_button][\/vc_column][vc_column width=\u00bb1\/3&#8243;][\/vc_column][\/vc_row][mk_page_section bg_image=\u00bbhttps:\/\/cateringcoquo.com\/wp-content\/uploads\/2019\/09\/coquo-catering-particulars-4.jpg\u00bb bg_position=\u00bbcenter center\u00bb bg_repeat=\u00bbno-repeat\u00bb bg_stretch=\u00bbtrue\u00bb video_color_mask=\u00bb#000000&#8243; video_opacity=\u00bb0.5&#8243; min_height=\u00bb600&#8243; full_width=\u00bbtrue\u00bb js_vertical_centered=\u00bbtrue\u00bb padding_top=\u00bb100&#8243; padding_bottom=\u00bb100&#8243; sidebar=\u00bbsidebar-1&#8243;][vc_column][mk_fancy_title color=\u00bb#ffffff\u00bb size=\u00bb80&#8243; force_font_size=\u00bbtrue\u00bb size_tablet=\u00bb50&#8243; size_phone=\u00bb40&#8243; font_weight=\u00bb300&#8243; txt_transform=\u00bbuppercase\u00bb margin_bottom=\u00bb0&#8243; font_family=\u00bbMontserrat\u00bb font_type=\u00bbgoogle\u00bb align=\u00bbcenter\u00bb animation=\u00bbflip-x\u00bb]PEQUE\u00d1AS CELEBRACIONES,<br \/>\nGRANDES EXPERIENCIAS[\/mk_fancy_title][\/vc_column][\/mk_page_section][vc_row visibility=\u00bbhidden-sm\u00bb css=\u00bb.vc_custom_1570035246154{margin-top: 100px !important;margin-bottom: 100px !important;}\u00bb][vc_column width=\u00bb2\/3&#8243;][mk_fancy_title color=\u00bb#111111&#8243; size=\u00bb42&#8243; force_font_size=\u00bbtrue\u00bb size_phone=\u00bb20&#8243; font_weight=\u00bbbold\u00bb font_style=\u00bbnormal\u00bb txt_transform=\u00bbuppercase\u00bb margin_top=\u00bb6&#8243; margin_bottom=\u00bb0&#8243; font_family=\u00bbMontserrat\u00bb font_type=\u00bbgoogle\u00bb animation=\u00bbright-to-left\u00bb]\n<p class=\"p1\">Men\u00fa personalizado a medida<\/p>\n<div id=\"gtx-trans\" style=\"position: absolute; left: -151px; top: -10px;\">\n<div class=\"gtx-trans-icon\"><\/div>\n<\/div>\n[\/mk_fancy_title][mk_divider style=\u00bbthin_solid\u00bb divider_width=\u00bbcustom_width\u00bb custom_width=\u00bb700&#8243; align=\u00bbleft\u00bb thin_single_color=\u00bb#006266&#8243; thickness=\u00bb5&#8243; margin_top=\u00bb0&#8243; margin_bottom=\u00bb30&#8243; animation=\u00bbright-to-left\u00bb][\/vc_column][vc_column width=\u00bb1\/3&#8243;][\/vc_column][\/vc_row][vc_row fullwidth=\u00bbtrue\u00bb visibility=\u00bbhidden-sm\u00bb][vc_column][mk_gallery images=\u00bb282,283,281,280,279,276,275,274,273,272,271,270,269,266,264,263,261,257,256,255,252,243,236,234&#8243; column=\u00bb5&#8243; image_size=\u00bblarge\u00bb item_spacing=\u00bb5&#8243; margin_bottom=\u00bb0&#8243; pagination=\u00bbtrue\u00bb count=\u00bb15&#8243;][\/vc_column][\/vc_row][vc_row fullwidth=\u00bbtrue\u00bb visibility=\u00bbvisible-sm\u00bb][vc_column][mk_gallery images=\u00bb282,283,281,280,279,276,275,274,273,272,271,270,269,266,264,263,261,257,256,255,252,243,236,234&#8243; column=\u00bb5&#8243; image_size=\u00bblarge\u00bb item_spacing=\u00bb5&#8243; margin_bottom=\u00bb0&#8243; pagination=\u00bbtrue\u00bb count=\u00bb5&#8243;][\/vc_column][\/vc_row][mk_page_section bg_color=\u00bb#015356&#8243; bg_stretch=\u00bbtrue\u00bb full_width=\u00bbtrue\u00bb padding_top=\u00bb80&#8243; padding_bottom=\u00bb60&#8243; sidebar=\u00bbsidebar-1&#8243;][vc_column][mk_fancy_title tag_name=\u00bbh3&#8243; color=\u00bb#ffffff\u00bb size=\u00bb40&#8243; line_height=\u00bb90&#8243; font_weight=\u00bb300&#8243; txt_transform=\u00bbuppercase\u00bb font_family=\u00bbnone\u00bb align=\u00bbcenter\u00bb animation=\u00bbbottom-to-top\u00bb]HAZ UNA RESERVA<\/p>\n<div id=\"gtx-trans\" style=\"position: absolute; left: -121px; top: -10px;\">\n<div class=\"gtx-trans-icon\"><\/div>\n<\/div>\n[\/mk_fancy_title][vc_row_inner is_fullwidth_content=\u00bbfalse\u00bb][vc_column_inner width=\u00bb1\/6&#8243;][\/vc_column_inner][vc_column_inner width=\u00bb2\/3&#8243;]<div class=\"wpforms-container wpforms-container-full\" id=\"wpforms-1110\"><form id=\"wpforms-form-1110\" class=\"wpforms-validate wpforms-form\" data-formid=\"1110\" method=\"post\" enctype=\"multipart\/form-data\" action=\"\/es\/wp-json\/wp\/v2\/pages\/1069\" data-token=\"c5b57e1dde7368615f696665f50e449e\" data-token-time=\"1777534195\"><noscript class=\"wpforms-error-noscript\">Por favor, activa JavaScript en tu navegador para completar este formulario.<\/noscript><div class=\"wpforms-field-container\"><div id=\"wpforms-1110-field_0-container\" class=\"wpforms-field wpforms-field-name\" data-field-id=\"0\"><label class=\"wpforms-field-label wpforms-label-hide\" for=\"wpforms-1110-field_0\">Name <span class=\"wpforms-required-label\">*<\/span><\/label><input type=\"text\" id=\"wpforms-1110-field_0\" class=\"wpforms-field-large wpforms-field-required\" name=\"wpforms[fields][0]\" placeholder=\"Nombre*\" required><\/div><div id=\"wpforms-1110-field_1-container\" class=\"wpforms-field wpforms-field-email\" data-field-id=\"1\"><label class=\"wpforms-field-label wpforms-label-hide\" for=\"wpforms-1110-field_1\">Email <span class=\"wpforms-required-label\">*<\/span><\/label><input type=\"email\" id=\"wpforms-1110-field_1\" class=\"wpforms-field-large wpforms-field-required\" name=\"wpforms[fields][1]\" placeholder=\"E-mail*\" spellcheck=\"false\" required><\/div><div id=\"wpforms-1110-field_2-container\" class=\"wpforms-field wpforms-field-textarea\" data-field-id=\"2\"><label class=\"wpforms-field-label wpforms-label-hide\" for=\"wpforms-1110-field_2\">Mensaje <span class=\"wpforms-required-label\">*<\/span><\/label><textarea id=\"wpforms-1110-field_2\" class=\"wpforms-field-medium wpforms-field-required\" name=\"wpforms[fields][2]\" placeholder=\"Mensaje\" required><\/textarea><\/div><div id=\"wpforms-1110-field_3-container\" class=\"wpforms-field wpforms-field-checkbox\" data-field-id=\"3\"><label class=\"wpforms-field-label wpforms-label-hide\">Checkboxes <span class=\"wpforms-required-label\">*<\/span><\/label><ul id=\"wpforms-1110-field_3\" class=\"wpforms-field-required\"><li class=\"choice-1 depth-1\"><input type=\"checkbox\" id=\"wpforms-1110-field_3_1\" name=\"wpforms[fields][3][]\" value=\"&lt;font color=&quot;white&quot;&gt;* Doy mi consentimiento para que Coquo Catering recopile mis datos.&lt;\/font&gt;\" required ><label class=\"wpforms-field-label-inline\" for=\"wpforms-1110-field_3_1\"><font color=\"white\">* Doy mi consentimiento para que Coquo Catering recopile mis datos.<\/font><\/label><\/li><\/ul><\/div><\/div><!-- .wpforms-field-container --><div class=\"wpforms-field wpforms-field-hp\"><label for=\"wpforms-1110-field-hp\" class=\"wpforms-field-label\">Message<\/label><input type=\"text\" name=\"wpforms[hp]\" id=\"wpforms-1110-field-hp\" class=\"wpforms-field-medium\"><\/div><div class=\"wpforms-submit-container\" ><input type=\"hidden\" name=\"wpforms[id]\" value=\"1110\"><input type=\"hidden\" name=\"page_title\" value=\"\"><input type=\"hidden\" name=\"page_url\" value=\"https:\/\/cateringcoquo.com\/es\/wp-json\/wp\/v2\/pages\/1069\"><input type=\"hidden\" name=\"url_referer\" value=\"\"><button type=\"submit\" name=\"wpforms[submit]\" id=\"wpforms-submit-1110\" class=\"wpforms-submit\" data-alt-text=\"Enviar...\" data-submit-text=\"Enviar\" aria-live=\"assertive\" value=\"wpforms-submit\">Enviar<\/button><\/div><\/form><\/div>  <!-- .wpforms-container -->[\/vc_column_inner][vc_column_inner width=\u00bb1\/6&#8243;][\/vc_column_inner][\/vc_row_inner][\/vc_column][\/mk_page_section]\n","protected":false},"excerpt":{"rendered":"<p>[mk_page_section bg_image=\u00bbhttps:\/\/cateringcoquo.com\/wp-content\/uploads\/2019\/09\/coquo-catering-particulars-5.jpg\u00bb bg_position=\u00bbcenter center\u00bb bg_repeat=\u00bbno-repeat\u00bb bg_stretch=\u00bbtrue\u00bb video_color_mask=\u00bb#000000&#8243; video_opacity=\u00bb0.5&#8243; min_height=\u00bb600&#8243; js_vertical_centered=\u00bbtrue\u00bb sidebar=\u00bbsidebar-1&#8243;][vc_column][mk_fancy_title tag_name=\u00bbh1&#8243; color=\u00bb#ffffff\u00bb size=\u00bb70&#8243; force_font_size=\u00bbtrue\u00bb size_tablet=\u00bb70&#8243; font_weight=\u00bbbold\u00bb txt_transform=\u00bbnone\u00bb margin_bottom=\u00bb0&#8243; font_family=\u00bbnone\u00bb align=\u00bbcenter\u00bb animation=\u00bbfade-in\u00bb]PARTICULARES[\/mk_fancy_title][\/vc_column][\/mk_page_section][mk_page_section bg_color=\u00bb#005357&#8243; bg_position=\u00bbcenter center\u00bb bg_repeat=\u00bbno-repeat\u00bb video_opacity=\u00bb0.5&#8243; min_height=\u00bb0&#8243; padding_top=\u00bb80&#8243; padding_bottom=\u00bb80&#8243; sidebar=\u00bbsidebar-1&#8243;][vc_column width=\u00bb1\/3&#8243;][mk_icon_box2 icon_type=\u00bbimage\u00bb icon_size=\u00bbinherit\u00bb icon_image=\u00bbhttps:\/\/cateringcoquo.com\/wp-content\/uploads\/2019\/10\/iconos-coquo-privado.png\u00bb title_color=\u00bb#ffffff\u00bb title_top_padding=\u00bb0&#8243; title_bottom_padding=\u00bb0&#8243; description_color=\u00bb#ffffff\u00bb animation=\u00bbtop-to-bottom\u00bb] CELEBRACIONES PRIVADAS [\/mk_icon_box2][mk_padding_divider size=\u00bb30&#8243; visibility=\u00bbvisible-sm\u00bb][\/vc_column][vc_column width=\u00bb1\/3&#8243;][mk_icon_box2 icon_type=\u00bbimage\u00bb icon_size=\u00bbinherit\u00bb icon_image=\u00bbhttps:\/\/cateringcoquo.com\/wp-content\/uploads\/2019\/10\/iconos-coquo-delivery.png\u00bb title_color=\u00bb#ffffff\u00bb title_top_padding=\u00bb0&#8243; title_bottom_padding=\u00bb0&#8243; description_color=\u00bb#ffffff\u00bb animation=\u00bbtop-to-bottom\u00bb] COMIDA [&hellip;]<\/p>\n","protected":false},"author":1,"featured_media":0,"parent":0,"menu_order":0,"comment_status":"closed","ping_status":"closed","template":"","meta":{"footnotes":""},"class_list":["post-1069","page","type-page","status-publish","hentry"],"yoast_head":"<!-- This site is optimized with the Yoast SEO plugin v27.3 - https:\/\/yoast.com\/product\/yoast-seo-wordpress\/ -->\n<title>C\u00e0tering per a Particulars - Catering Coquo<\/title>\n<meta name=\"description\" content=\"Organitzas un afer privat? A Coquo t\u2019oferim tota l\u2019ajuda per a la teva comoditat: comunions, bateigs, reunions familiars, aniversaris, noces d&#039;ors\" \/>\n<meta name=\"robots\" content=\"index, follow, max-snippet:-1, max-image-preview:large, max-video-preview:-1\" \/>\n<link rel=\"canonical\" href=\"https:\/\/cateringcoquo.com\/es\/particulars\/\" \/>\n<meta property=\"og:locale\" content=\"es_ES\" \/>\n<meta property=\"og:type\" content=\"article\" \/>\n<meta property=\"og:title\" content=\"C\u00e0tering per a Particulars - Catering Coquo\" \/>\n<meta property=\"og:description\" content=\"Organitzas un afer privat? A Coquo t\u2019oferim tota l\u2019ajuda per a la teva comoditat: comunions, bateigs, reunions familiars, aniversaris, noces d&#039;ors\" \/>\n<meta property=\"og:url\" content=\"https:\/\/cateringcoquo.com\/es\/particulars\/\" \/>\n<meta property=\"og:site_name\" content=\"Catering Coquo\" \/>\n<meta property=\"article:modified_time\" content=\"2020-05-25T16:52:24+00:00\" \/>\n<meta name=\"twitter:card\" content=\"summary_large_image\" \/>\n<meta name=\"twitter:label1\" content=\"Tiempo de lectura\" \/>\n\t<meta name=\"twitter:data1\" content=\"3 minutos\" \/>\n<script type=\"application\/ld+json\" class=\"yoast-schema-graph\">{\"@context\":\"https:\\\/\\\/schema.org\",\"@graph\":[{\"@type\":\"WebPage\",\"@id\":\"https:\\\/\\\/cateringcoquo.com\\\/es\\\/particulars\\\/\",\"url\":\"https:\\\/\\\/cateringcoquo.com\\\/es\\\/particulars\\\/\",\"name\":\"C\u00e0tering per a Particulars - Catering Coquo\",\"isPartOf\":{\"@id\":\"https:\\\/\\\/cateringcoquo.com\\\/es\\\/#website\"},\"datePublished\":\"2019-09-30T08:53:29+00:00\",\"dateModified\":\"2020-05-25T16:52:24+00:00\",\"description\":\"Organitzas un afer privat? A Coquo t\u2019oferim tota l\u2019ajuda per a la teva comoditat: comunions, bateigs, reunions familiars, aniversaris, noces d'ors\",\"breadcrumb\":{\"@id\":\"https:\\\/\\\/cateringcoquo.com\\\/es\\\/particulars\\\/#breadcrumb\"},\"inLanguage\":\"es\",\"potentialAction\":[{\"@type\":\"ReadAction\",\"target\":[\"https:\\\/\\\/cateringcoquo.com\\\/es\\\/particulars\\\/\"]}]},{\"@type\":\"BreadcrumbList\",\"@id\":\"https:\\\/\\\/cateringcoquo.com\\\/es\\\/particulars\\\/#breadcrumb\",\"itemListElement\":[{\"@type\":\"ListItem\",\"position\":1,\"name\":\"Portada\",\"item\":\"https:\\\/\\\/cateringcoquo.com\\\/es\\\/\"},{\"@type\":\"ListItem\",\"position\":2,\"name\":\"Particulars\"}]},{\"@type\":\"WebSite\",\"@id\":\"https:\\\/\\\/cateringcoquo.com\\\/es\\\/#website\",\"url\":\"https:\\\/\\\/cateringcoquo.com\\\/es\\\/\",\"name\":\"Catering Coquo\",\"description\":\"Empresa de c\u00e0tering en Barcelona\",\"potentialAction\":[{\"@type\":\"SearchAction\",\"target\":{\"@type\":\"EntryPoint\",\"urlTemplate\":\"https:\\\/\\\/cateringcoquo.com\\\/es\\\/?s={search_term_string}\"},\"query-input\":{\"@type\":\"PropertyValueSpecification\",\"valueRequired\":true,\"valueName\":\"search_term_string\"}}],\"inLanguage\":\"es\"}]}<\/script>\n<!-- \/ Yoast SEO plugin. -->","yoast_head_json":{"title":"C\u00e0tering per a Particulars - Catering Coquo","description":"Organitzas un afer privat? A Coquo t\u2019oferim tota l\u2019ajuda per a la teva comoditat: comunions, bateigs, reunions familiars, aniversaris, noces d'ors","robots":{"index":"index","follow":"follow","max-snippet":"max-snippet:-1","max-image-preview":"max-image-preview:large","max-video-preview":"max-video-preview:-1"},"canonical":"https:\/\/cateringcoquo.com\/es\/particulars\/","og_locale":"es_ES","og_type":"article","og_title":"C\u00e0tering per a Particulars - Catering Coquo","og_description":"Organitzas un afer privat? A Coquo t\u2019oferim tota l\u2019ajuda per a la teva comoditat: comunions, bateigs, reunions familiars, aniversaris, noces d'ors","og_url":"https:\/\/cateringcoquo.com\/es\/particulars\/","og_site_name":"Catering Coquo","article_modified_time":"2020-05-25T16:52:24+00:00","twitter_card":"summary_large_image","twitter_misc":{"Tiempo de lectura":"3 minutos"},"schema":{"@context":"https:\/\/schema.org","@graph":[{"@type":"WebPage","@id":"https:\/\/cateringcoquo.com\/es\/particulars\/","url":"https:\/\/cateringcoquo.com\/es\/particulars\/","name":"C\u00e0tering per a Particulars - Catering Coquo","isPartOf":{"@id":"https:\/\/cateringcoquo.com\/es\/#website"},"datePublished":"2019-09-30T08:53:29+00:00","dateModified":"2020-05-25T16:52:24+00:00","description":"Organitzas un afer privat? A Coquo t\u2019oferim tota l\u2019ajuda per a la teva comoditat: comunions, bateigs, reunions familiars, aniversaris, noces d'ors","breadcrumb":{"@id":"https:\/\/cateringcoquo.com\/es\/particulars\/#breadcrumb"},"inLanguage":"es","potentialAction":[{"@type":"ReadAction","target":["https:\/\/cateringcoquo.com\/es\/particulars\/"]}]},{"@type":"BreadcrumbList","@id":"https:\/\/cateringcoquo.com\/es\/particulars\/#breadcrumb","itemListElement":[{"@type":"ListItem","position":1,"name":"Portada","item":"https:\/\/cateringcoquo.com\/es\/"},{"@type":"ListItem","position":2,"name":"Particulars"}]},{"@type":"WebSite","@id":"https:\/\/cateringcoquo.com\/es\/#website","url":"https:\/\/cateringcoquo.com\/es\/","name":"Catering Coquo","description":"Empresa de c\u00e0tering en Barcelona","potentialAction":[{"@type":"SearchAction","target":{"@type":"EntryPoint","urlTemplate":"https:\/\/cateringcoquo.com\/es\/?s={search_term_string}"},"query-input":{"@type":"PropertyValueSpecification","valueRequired":true,"valueName":"search_term_string"}}],"inLanguage":"es"}]}},"_links":{"self":[{"href":"https:\/\/cateringcoquo.com\/es\/wp-json\/wp\/v2\/pages\/1069","targetHints":{"allow":["GET"]}}],"collection":[{"href":"https:\/\/cateringcoquo.com\/es\/wp-json\/wp\/v2\/pages"}],"about":[{"href":"https:\/\/cateringcoquo.com\/es\/wp-json\/wp\/v2\/types\/page"}],"author":[{"embeddable":true,"href":"https:\/\/cateringcoquo.com\/es\/wp-json\/wp\/v2\/users\/1"}],"replies":[{"embeddable":true,"href":"https:\/\/cateringcoquo.com\/es\/wp-json\/wp\/v2\/comments?post=1069"}],"version-history":[{"count":7,"href":"https:\/\/cateringcoquo.com\/es\/wp-json\/wp\/v2\/pages\/1069\/revisions"}],"predecessor-version":[{"id":15982,"href":"https:\/\/cateringcoquo.com\/es\/wp-json\/wp\/v2\/pages\/1069\/revisions\/15982"}],"wp:attachment":[{"href":"https:\/\/cateringcoquo.com\/es\/wp-json\/wp\/v2\/media?parent=1069"}],"curies":[{"name":"wp","href":"https:\/\/api.w.org\/{rel}","templated":true}]}}