{"id":1056,"date":"2019-11-08T13:00:34","date_gmt":"2019-11-08T13:00:34","guid":{"rendered":"https:\/\/cateringcoquo.com\/espais\/masia-cabanyes\/"},"modified":"2020-04-27T08:55:46","modified_gmt":"2020-04-27T08:55:46","slug":"masia-cabanyes","status":"publish","type":"page","link":"https:\/\/cateringcoquo.com\/es\/espais\/masia-cabanyes\/","title":{"rendered":"Masia Cabanyes"},"content":{"rendered":"[mk_page_section bg_image=\u00bbhttps:\/\/cateringcoquo.com\/wp-content\/uploads\/2019\/11\/coquo-masia-cabanyes-0.jpg\u00bb bg_position=\u00bbcenter center\u00bb bg_repeat=\u00bbno-repeat\u00bb bg_stretch=\u00bbtrue\u00bb video_color_mask=\u00bb#000000&#8243; video_opacity=\u00bb0.5&#8243; min_height=\u00bb600&#8243; js_vertical_centered=\u00bbtrue\u00bb sidebar=\u00bbsidebar-1&#8243;][vc_column][mk_fancy_title tag_name=\u00bbh1&#8243; color=\u00bb#ffffff\u00bb size=\u00bb70&#8243; force_font_size=\u00bbtrue\u00bb size_tablet=\u00bb70&#8243; font_weight=\u00bbbold\u00bb txt_transform=\u00bbuppercase\u00bb margin_bottom=\u00bb0&#8243; font_family=\u00bbnone\u00bb align=\u00bbcenter\u00bb animation=\u00bbfade-in\u00bb]Masia d&#8217;en Cabanyes<\/p>\n<div id=\"gtx-trans\" style=\"position: absolute; left: -80px; top: -10px;\">\n<div class=\"gtx-trans-icon\"><\/div>\n<\/div>\n[\/mk_fancy_title][\/vc_column][\/mk_page_section][mk_page_section bg_color=\u00bb#015356&#8243; bg_position=\u00bbcenter center\u00bb bg_repeat=\u00bbno-repeat\u00bb video_opacity=\u00bb0.5&#8243; min_height=\u00bb0&#8243; padding_top=\u00bb80&#8243; padding_bottom=\u00bb80&#8243; sidebar=\u00bbsidebar-1&#8243;][vc_column][mk_fancy_title strip_tags=\u00bbtrue\u00bb color=\u00bb#ffffff\u00bb size=\u00bb21&#8243; force_font_size=\u00bbtrue\u00bb size_phone=\u00bb18&#8243; line_height=\u00bb150&#8243; font_weight=\u00bb400&#8243; font_style=\u00bbnormal\u00bb txt_transform=\u00bbnone\u00bb margin_bottom=\u00bb0&#8243; font_family=\u00bbMontserrat\u00bb font_type=\u00bbgoogle\u00bb align=\u00bbcenter\u00bb animation=\u00bbright-to-left\u00bb]La Masia d&#8217;en Cabanyes es una casa-museo donde vivi\u00f3 el poeta rom\u00e1ntico Manuel de Cabanyes y actualmente acoge el Centro de Interpretaci\u00f3n del Romanticismo que lleva su nombre. Podemos descubrir el legado familiar, con estancias originales del siglo XIX, objetos y decoraci\u00f3n de \u00e9poca. Tambi\u00e9n es un espacio para la organizaci\u00f3n de reuniones y eventos, ofreciendo unos espacios singulares.<\/p>\n<div id=\"gtx-trans\" style=\"position: absolute; left: -54px; top: -10px;\">\n<div class=\"gtx-trans-icon\"><\/div>\n<\/div>\n[\/mk_fancy_title][\/vc_column][\/mk_page_section][mk_page_section full_width=\u00bbtrue\u00bb js_vertical_centered=\u00bbtrue\u00bb padding_top=\u00bb0&#8243; padding_bottom=\u00bb0&#8243; sidebar=\u00bbsidebar-1&#8243;][vc_column][mk_gallery images=\u00bb544,541,540,539,538,537,536,535,534,533,532,525&#8243; column=\u00bb4&#8243; image_size=\u00bblarge\u00bb item_spacing=\u00bb5&#8243; margin_bottom=\u00bb0&#8243;][\/vc_column][\/mk_page_section][mk_page_section bg_image=\u00bbhttps:\/\/cateringcoquo.com\/wp-content\/uploads\/2019\/11\/coquo-masia-cabanyes-0.jpg\u00bb bg_position=\u00bbcenter center\u00bb bg_repeat=\u00bbno-repeat\u00bb bg_stretch=\u00bbtrue\u00bb video_color_mask=\u00bb#000000&#8243; video_opacity=\u00bb0.7&#8243; min_height=\u00bb700&#8243; js_vertical_centered=\u00bbtrue\u00bb sidebar=\u00bbsidebar-1&#8243;][vc_column][mk_fancy_title tag_name=\u00bbh3&#8243; color=\u00bb#ffffff\u00bb size=\u00bb45&#8243; force_font_size=\u00bbtrue\u00bb size_tablet=\u00bb30&#8243; size_phone=\u00bb20&#8243; line_height=\u00bb90&#8243; font_weight=\u00bb300&#8243; txt_transform=\u00bbuppercase\u00bb font_family=\u00bbnone\u00bb align=\u00bbcenter\u00bb animation=\u00bbbottom-to-top\u00bb]HAZ UNA RESERVA<\/p>\n<div id=\"gtx-trans\" style=\"position: absolute; left: -164px; top: 38px;\">\n<div class=\"gtx-trans-icon\"><\/div>\n<\/div>\n[\/mk_fancy_title][vc_row_inner][vc_column_inner width=\u00bb1\/6&#8243;][\/vc_column_inner][vc_column_inner width=\u00bb2\/3&#8243;]<div class=\"wpforms-container wpforms-container-full\" id=\"wpforms-1108\"><form id=\"wpforms-form-1108\" class=\"wpforms-validate wpforms-form\" data-formid=\"1108\" method=\"post\" enctype=\"multipart\/form-data\" action=\"\/es\/wp-json\/wp\/v2\/pages\/1056\" data-token=\"21d916684451254a681ba20a779eead5\" data-token-time=\"1778772452\"><noscript class=\"wpforms-error-noscript\">Por favor, activa JavaScript en tu navegador para completar este formulario.<\/noscript><div class=\"wpforms-field-container\"><div id=\"wpforms-1108-field_0-container\" class=\"wpforms-field wpforms-field-name\" data-field-id=\"0\"><label class=\"wpforms-field-label wpforms-label-hide\" for=\"wpforms-1108-field_0\">Name <span class=\"wpforms-required-label\">*<\/span><\/label><input type=\"text\" id=\"wpforms-1108-field_0\" class=\"wpforms-field-large wpforms-field-required\" name=\"wpforms[fields][0]\" placeholder=\"Nombre*\" required><\/div><div id=\"wpforms-1108-field_1-container\" class=\"wpforms-field wpforms-field-email\" data-field-id=\"1\"><label class=\"wpforms-field-label wpforms-label-hide\" for=\"wpforms-1108-field_1\">Email <span class=\"wpforms-required-label\">*<\/span><\/label><input type=\"email\" id=\"wpforms-1108-field_1\" class=\"wpforms-field-large wpforms-field-required\" name=\"wpforms[fields][1]\" placeholder=\"E-mail*\" spellcheck=\"false\" required><\/div><div id=\"wpforms-1108-field_2-container\" class=\"wpforms-field wpforms-field-textarea\" data-field-id=\"2\"><label class=\"wpforms-field-label wpforms-label-hide\" for=\"wpforms-1108-field_2\">Missatge <span class=\"wpforms-required-label\">*<\/span><\/label><textarea id=\"wpforms-1108-field_2\" class=\"wpforms-field-medium wpforms-field-required\" name=\"wpforms[fields][2]\" placeholder=\"Mensaje\" required><\/textarea><\/div><div id=\"wpforms-1108-field_3-container\" class=\"wpforms-field wpforms-field-checkbox\" data-field-id=\"3\"><label class=\"wpforms-field-label wpforms-label-hide\">Checkboxes <span class=\"wpforms-required-label\">*<\/span><\/label><ul id=\"wpforms-1108-field_3\" class=\"wpforms-field-required\"><li class=\"choice-1 depth-1\"><input type=\"checkbox\" id=\"wpforms-1108-field_3_1\" name=\"wpforms[fields][3][]\" value=\"&lt;font color=&quot;white&quot;&gt;* Doy mi consentimiento para que Coquo Catering recopile mis datos.&lt;\/font&gt;\" required ><label class=\"wpforms-field-label-inline\" for=\"wpforms-1108-field_3_1\"><font color=\"white\">* Doy mi consentimiento para que Coquo Catering recopile mis datos.<\/font><\/label><\/li><\/ul><\/div><\/div><!-- .wpforms-field-container --><div class=\"wpforms-field wpforms-field-hp\"><label for=\"wpforms-1108-field-hp\" class=\"wpforms-field-label\">Comment<\/label><input type=\"text\" name=\"wpforms[hp]\" id=\"wpforms-1108-field-hp\" class=\"wpforms-field-medium\"><\/div><div class=\"wpforms-submit-container\" ><input type=\"hidden\" name=\"wpforms[id]\" value=\"1108\"><input type=\"hidden\" name=\"page_title\" value=\"\"><input type=\"hidden\" name=\"page_url\" value=\"https:\/\/cateringcoquo.com\/es\/wp-json\/wp\/v2\/pages\/1056\"><input type=\"hidden\" name=\"url_referer\" value=\"\"><button type=\"submit\" name=\"wpforms[submit]\" id=\"wpforms-submit-1108\" class=\"wpforms-submit\" data-alt-text=\"Enviar...\" data-submit-text=\"Enviar\" aria-live=\"assertive\" value=\"wpforms-submit\">Enviar<\/button><\/div><\/form><\/div>  <!-- .wpforms-container -->[\/vc_column_inner][vc_column_inner width=\u00bb1\/6&#8243;][\/vc_column_inner][\/vc_row_inner][\/vc_column][\/mk_page_section]\n","protected":false},"excerpt":{"rendered":"<p>[mk_page_section bg_image=\u00bbhttps:\/\/cateringcoquo.com\/wp-content\/uploads\/2019\/11\/coquo-masia-cabanyes-0.jpg\u00bb bg_position=\u00bbcenter center\u00bb bg_repeat=\u00bbno-repeat\u00bb bg_stretch=\u00bbtrue\u00bb video_color_mask=\u00bb#000000&#8243; video_opacity=\u00bb0.5&#8243; min_height=\u00bb600&#8243; js_vertical_centered=\u00bbtrue\u00bb sidebar=\u00bbsidebar-1&#8243;][vc_column][mk_fancy_title tag_name=\u00bbh1&#8243; color=\u00bb#ffffff\u00bb size=\u00bb70&#8243; force_font_size=\u00bbtrue\u00bb size_tablet=\u00bb70&#8243; font_weight=\u00bbbold\u00bb txt_transform=\u00bbuppercase\u00bb margin_bottom=\u00bb0&#8243; font_family=\u00bbnone\u00bb align=\u00bbcenter\u00bb animation=\u00bbfade-in\u00bb]Masia d&#8217;en Cabanyes [\/mk_fancy_title][\/vc_column][\/mk_page_section][mk_page_section bg_color=\u00bb#015356&#8243; bg_position=\u00bbcenter center\u00bb bg_repeat=\u00bbno-repeat\u00bb video_opacity=\u00bb0.5&#8243; min_height=\u00bb0&#8243; padding_top=\u00bb80&#8243; padding_bottom=\u00bb80&#8243; sidebar=\u00bbsidebar-1&#8243;][vc_column][mk_fancy_title strip_tags=\u00bbtrue\u00bb color=\u00bb#ffffff\u00bb size=\u00bb21&#8243; force_font_size=\u00bbtrue\u00bb size_phone=\u00bb18&#8243; line_height=\u00bb150&#8243; font_weight=\u00bb400&#8243; font_style=\u00bbnormal\u00bb txt_transform=\u00bbnone\u00bb margin_bottom=\u00bb0&#8243; font_family=\u00bbMontserrat\u00bb font_type=\u00bbgoogle\u00bb align=\u00bbcenter\u00bb animation=\u00bbright-to-left\u00bb]La Masia d&#8217;en Cabanyes es una casa-museo donde [&hellip;]<\/p>\n","protected":false},"author":5,"featured_media":0,"parent":1053,"menu_order":0,"comment_status":"closed","ping_status":"closed","template":"","meta":{"footnotes":""},"class_list":["post-1056","page","type-page","status-publish","hentry"],"yoast_head":"<!-- This site is optimized with the Yoast SEO plugin v27.5 - https:\/\/yoast.com\/product\/yoast-seo-wordpress\/ -->\n<title>Masia Cabanyes - Catering Coquo<\/title>\n<meta name=\"robots\" content=\"index, follow, max-snippet:-1, max-image-preview:large, max-video-preview:-1\" \/>\n<link rel=\"canonical\" href=\"https:\/\/cateringcoquo.com\/es\/espais\/masia-cabanyes\/\" \/>\n<meta property=\"og:locale\" content=\"es_ES\" \/>\n<meta property=\"og:type\" content=\"article\" \/>\n<meta property=\"og:title\" content=\"Masia Cabanyes - Catering Coquo\" \/>\n<meta property=\"og:description\" content=\"[mk_page_section bg_image=\u00bbhttps:\/\/cateringcoquo.com\/wp-content\/uploads\/2019\/11\/coquo-masia-cabanyes-0.jpg\u00bb bg_position=\u00bbcenter center\u00bb bg_repeat=\u00bbno-repeat\u00bb bg_stretch=\u00bbtrue\u00bb video_color_mask=\u00bb#000000&#8243; video_opacity=\u00bb0.5&#8243; min_height=\u00bb600&#8243; js_vertical_centered=\u00bbtrue\u00bb sidebar=\u00bbsidebar-1&#8243;][vc_column][mk_fancy_title tag_name=\u00bbh1&#8243; color=\u00bb#ffffff\u00bb size=\u00bb70&#8243; force_font_size=\u00bbtrue\u00bb size_tablet=\u00bb70&#8243; font_weight=\u00bbbold\u00bb txt_transform=\u00bbuppercase\u00bb margin_bottom=\u00bb0&#8243; font_family=\u00bbnone\u00bb align=\u00bbcenter\u00bb animation=\u00bbfade-in\u00bb]Masia d&#8217;en Cabanyes [\/mk_fancy_title][\/vc_column][\/mk_page_section][mk_page_section bg_color=\u00bb#015356&#8243; bg_position=\u00bbcenter center\u00bb bg_repeat=\u00bbno-repeat\u00bb video_opacity=\u00bb0.5&#8243; min_height=\u00bb0&#8243; padding_top=\u00bb80&#8243; padding_bottom=\u00bb80&#8243; sidebar=\u00bbsidebar-1&#8243;][vc_column][mk_fancy_title strip_tags=\u00bbtrue\u00bb color=\u00bb#ffffff\u00bb size=\u00bb21&#8243; force_font_size=\u00bbtrue\u00bb size_phone=\u00bb18&#8243; line_height=\u00bb150&#8243; font_weight=\u00bb400&#8243; font_style=\u00bbnormal\u00bb txt_transform=\u00bbnone\u00bb margin_bottom=\u00bb0&#8243; font_family=\u00bbMontserrat\u00bb font_type=\u00bbgoogle\u00bb align=\u00bbcenter\u00bb animation=\u00bbright-to-left\u00bb]La Masia d&#8217;en Cabanyes es una casa-museo donde [&hellip;]\" \/>\n<meta property=\"og:url\" content=\"https:\/\/cateringcoquo.com\/es\/espais\/masia-cabanyes\/\" \/>\n<meta property=\"og:site_name\" content=\"Catering Coquo\" \/>\n<meta property=\"article:modified_time\" content=\"2020-04-27T08:55:46+00:00\" \/>\n<meta name=\"twitter:card\" content=\"summary_large_image\" \/>\n<meta name=\"twitter:label1\" content=\"Tiempo de lectura\" \/>\n\t<meta name=\"twitter:data1\" content=\"2 minutos\" \/>\n<script type=\"application\/ld+json\" class=\"yoast-schema-graph\">{\"@context\":\"https:\\\/\\\/schema.org\",\"@graph\":[{\"@type\":\"WebPage\",\"@id\":\"https:\\\/\\\/cateringcoquo.com\\\/es\\\/espais\\\/masia-cabanyes\\\/\",\"url\":\"https:\\\/\\\/cateringcoquo.com\\\/es\\\/espais\\\/masia-cabanyes\\\/\",\"name\":\"Masia Cabanyes - Catering Coquo\",\"isPartOf\":{\"@id\":\"https:\\\/\\\/cateringcoquo.com\\\/es\\\/#website\"},\"datePublished\":\"2019-11-08T13:00:34+00:00\",\"dateModified\":\"2020-04-27T08:55:46+00:00\",\"breadcrumb\":{\"@id\":\"https:\\\/\\\/cateringcoquo.com\\\/es\\\/espais\\\/masia-cabanyes\\\/#breadcrumb\"},\"inLanguage\":\"es\",\"potentialAction\":[{\"@type\":\"ReadAction\",\"target\":[\"https:\\\/\\\/cateringcoquo.com\\\/es\\\/espais\\\/masia-cabanyes\\\/\"]}]},{\"@type\":\"BreadcrumbList\",\"@id\":\"https:\\\/\\\/cateringcoquo.com\\\/es\\\/espais\\\/masia-cabanyes\\\/#breadcrumb\",\"itemListElement\":[{\"@type\":\"ListItem\",\"position\":1,\"name\":\"Portada\",\"item\":\"https:\\\/\\\/cateringcoquo.com\\\/es\\\/\"},{\"@type\":\"ListItem\",\"position\":2,\"name\":\"Espais\",\"item\":\"https:\\\/\\\/cateringcoquo.com\\\/es\\\/espais\\\/\"},{\"@type\":\"ListItem\",\"position\":3,\"name\":\"Masia Cabanyes\"}]},{\"@type\":\"WebSite\",\"@id\":\"https:\\\/\\\/cateringcoquo.com\\\/es\\\/#website\",\"url\":\"https:\\\/\\\/cateringcoquo.com\\\/es\\\/\",\"name\":\"Catering Coquo\",\"description\":\"Empresa de c\u00e0tering en Barcelona\",\"potentialAction\":[{\"@type\":\"SearchAction\",\"target\":{\"@type\":\"EntryPoint\",\"urlTemplate\":\"https:\\\/\\\/cateringcoquo.com\\\/es\\\/?s={search_term_string}\"},\"query-input\":{\"@type\":\"PropertyValueSpecification\",\"valueRequired\":true,\"valueName\":\"search_term_string\"}}],\"inLanguage\":\"es\"}]}<\/script>\n<!-- \/ Yoast SEO plugin. -->","yoast_head_json":{"title":"Masia Cabanyes - Catering Coquo","robots":{"index":"index","follow":"follow","max-snippet":"max-snippet:-1","max-image-preview":"max-image-preview:large","max-video-preview":"max-video-preview:-1"},"canonical":"https:\/\/cateringcoquo.com\/es\/espais\/masia-cabanyes\/","og_locale":"es_ES","og_type":"article","og_title":"Masia Cabanyes - Catering Coquo","og_description":"[mk_page_section bg_image=\u00bbhttps:\/\/cateringcoquo.com\/wp-content\/uploads\/2019\/11\/coquo-masia-cabanyes-0.jpg\u00bb bg_position=\u00bbcenter center\u00bb bg_repeat=\u00bbno-repeat\u00bb bg_stretch=\u00bbtrue\u00bb video_color_mask=\u00bb#000000&#8243; video_opacity=\u00bb0.5&#8243; min_height=\u00bb600&#8243; js_vertical_centered=\u00bbtrue\u00bb sidebar=\u00bbsidebar-1&#8243;][vc_column][mk_fancy_title tag_name=\u00bbh1&#8243; color=\u00bb#ffffff\u00bb size=\u00bb70&#8243; force_font_size=\u00bbtrue\u00bb size_tablet=\u00bb70&#8243; font_weight=\u00bbbold\u00bb txt_transform=\u00bbuppercase\u00bb margin_bottom=\u00bb0&#8243; font_family=\u00bbnone\u00bb align=\u00bbcenter\u00bb animation=\u00bbfade-in\u00bb]Masia d&#8217;en Cabanyes [\/mk_fancy_title][\/vc_column][\/mk_page_section][mk_page_section bg_color=\u00bb#015356&#8243; bg_position=\u00bbcenter center\u00bb bg_repeat=\u00bbno-repeat\u00bb video_opacity=\u00bb0.5&#8243; min_height=\u00bb0&#8243; padding_top=\u00bb80&#8243; padding_bottom=\u00bb80&#8243; sidebar=\u00bbsidebar-1&#8243;][vc_column][mk_fancy_title strip_tags=\u00bbtrue\u00bb color=\u00bb#ffffff\u00bb size=\u00bb21&#8243; force_font_size=\u00bbtrue\u00bb size_phone=\u00bb18&#8243; line_height=\u00bb150&#8243; font_weight=\u00bb400&#8243; font_style=\u00bbnormal\u00bb txt_transform=\u00bbnone\u00bb margin_bottom=\u00bb0&#8243; font_family=\u00bbMontserrat\u00bb font_type=\u00bbgoogle\u00bb align=\u00bbcenter\u00bb animation=\u00bbright-to-left\u00bb]La Masia d&#8217;en Cabanyes es una casa-museo donde [&hellip;]","og_url":"https:\/\/cateringcoquo.com\/es\/espais\/masia-cabanyes\/","og_site_name":"Catering Coquo","article_modified_time":"2020-04-27T08:55:46+00:00","twitter_card":"summary_large_image","twitter_misc":{"Tiempo de lectura":"2 minutos"},"schema":{"@context":"https:\/\/schema.org","@graph":[{"@type":"WebPage","@id":"https:\/\/cateringcoquo.com\/es\/espais\/masia-cabanyes\/","url":"https:\/\/cateringcoquo.com\/es\/espais\/masia-cabanyes\/","name":"Masia Cabanyes - Catering Coquo","isPartOf":{"@id":"https:\/\/cateringcoquo.com\/es\/#website"},"datePublished":"2019-11-08T13:00:34+00:00","dateModified":"2020-04-27T08:55:46+00:00","breadcrumb":{"@id":"https:\/\/cateringcoquo.com\/es\/espais\/masia-cabanyes\/#breadcrumb"},"inLanguage":"es","potentialAction":[{"@type":"ReadAction","target":["https:\/\/cateringcoquo.com\/es\/espais\/masia-cabanyes\/"]}]},{"@type":"BreadcrumbList","@id":"https:\/\/cateringcoquo.com\/es\/espais\/masia-cabanyes\/#breadcrumb","itemListElement":[{"@type":"ListItem","position":1,"name":"Portada","item":"https:\/\/cateringcoquo.com\/es\/"},{"@type":"ListItem","position":2,"name":"Espais","item":"https:\/\/cateringcoquo.com\/es\/espais\/"},{"@type":"ListItem","position":3,"name":"Masia Cabanyes"}]},{"@type":"WebSite","@id":"https:\/\/cateringcoquo.com\/es\/#website","url":"https:\/\/cateringcoquo.com\/es\/","name":"Catering Coquo","description":"Empresa de c\u00e0tering en Barcelona","potentialAction":[{"@type":"SearchAction","target":{"@type":"EntryPoint","urlTemplate":"https:\/\/cateringcoquo.com\/es\/?s={search_term_string}"},"query-input":{"@type":"PropertyValueSpecification","valueRequired":true,"valueName":"search_term_string"}}],"inLanguage":"es"}]}},"_links":{"self":[{"href":"https:\/\/cateringcoquo.com\/es\/wp-json\/wp\/v2\/pages\/1056","targetHints":{"allow":["GET"]}}],"collection":[{"href":"https:\/\/cateringcoquo.com\/es\/wp-json\/wp\/v2\/pages"}],"about":[{"href":"https:\/\/cateringcoquo.com\/es\/wp-json\/wp\/v2\/types\/page"}],"author":[{"embeddable":true,"href":"https:\/\/cateringcoquo.com\/es\/wp-json\/wp\/v2\/users\/5"}],"replies":[{"embeddable":true,"href":"https:\/\/cateringcoquo.com\/es\/wp-json\/wp\/v2\/comments?post=1056"}],"version-history":[{"count":3,"href":"https:\/\/cateringcoquo.com\/es\/wp-json\/wp\/v2\/pages\/1056\/revisions"}],"predecessor-version":[{"id":1121,"href":"https:\/\/cateringcoquo.com\/es\/wp-json\/wp\/v2\/pages\/1056\/revisions\/1121"}],"up":[{"embeddable":true,"href":"https:\/\/cateringcoquo.com\/es\/wp-json\/wp\/v2\/pages\/1053"}],"wp:attachment":[{"href":"https:\/\/cateringcoquo.com\/es\/wp-json\/wp\/v2\/media?parent=1056"}],"curies":[{"name":"wp","href":"https:\/\/api.w.org\/{rel}","templated":true}]}}