{"id":1053,"date":"2019-09-30T08:56:42","date_gmt":"2019-09-30T08:56:42","guid":{"rendered":"https:\/\/cateringcoquo.com\/espais\/"},"modified":"2020-05-26T08:00:33","modified_gmt":"2020-05-26T08:00:33","slug":"espais","status":"publish","type":"page","link":"https:\/\/cateringcoquo.com\/es\/espais\/","title":{"rendered":"Espais"},"content":{"rendered":"[mk_page_section bg_image=\u00bbhttps:\/\/cateringcoquo.com\/wp-content\/uploads\/2019\/09\/coquo-catering-casaments-23.jpg\u00bb bg_position=\u00bbcenter center\u00bb bg_repeat=\u00bbno-repeat\u00bb bg_stretch=\u00bbtrue\u00bb video_color_mask=\u00bb#000000&#8243; video_opacity=\u00bb0.5&#8243; min_height=\u00bb600&#8243; js_vertical_centered=\u00bbtrue\u00bb sidebar=\u00bbsidebar-1&#8243;][vc_column][mk_fancy_title tag_name=\u00bbh1&#8243; color=\u00bb#ffffff\u00bb size=\u00bb70&#8243; force_font_size=\u00bbtrue\u00bb size_tablet=\u00bb70&#8243; font_weight=\u00bbbold\u00bb txt_transform=\u00bbnone\u00bb margin_bottom=\u00bb0&#8243; font_family=\u00bbnone\u00bb align=\u00bbcenter\u00bb animation=\u00bbfade-in\u00bb]ESPACIOS<\/p>\n<div id=\"gtx-trans\" style=\"position: absolute; left: -80px; top: -10px;\">\n<div class=\"gtx-trans-icon\"><\/div>\n<\/div>\n[\/mk_fancy_title][\/vc_column][\/mk_page_section][mk_page_section bg_color=\u00bb#015356&#8243; bg_position=\u00bbcenter center\u00bb bg_repeat=\u00bbno-repeat\u00bb video_opacity=\u00bb0.5&#8243; min_height=\u00bb0&#8243; padding_top=\u00bb80&#8243; padding_bottom=\u00bb80&#8243; sidebar=\u00bbsidebar-1&#8243;][vc_column][mk_fancy_title strip_tags=\u00bbtrue\u00bb color=\u00bb#ffffff\u00bb size=\u00bb21&#8243; force_font_size=\u00bbtrue\u00bb size_phone=\u00bb18&#8243; line_height=\u00bb140&#8243; font_weight=\u00bb400&#8243; font_style=\u00bbnormal\u00bb txt_transform=\u00bbnone\u00bb margin_bottom=\u00bb0&#8243; font_family=\u00bbMontserrat\u00bb font_type=\u00bbgoogle\u00bb align=\u00bbcenter\u00bb animation=\u00bbright-to-left\u00bb]Los eventos son muy importantes y deber\u00edan ser siempre una gran ilusi\u00f3n. As\u00ed pues, es muy importante saber elegir un lugar que se adapte perfectamente a lo que quieres porque la finalidad es llevar todo a cabo tal y como lo hab\u00edais imaginado. Para ello, contamos con toda una serie de diferentes espacios en los que a buen seguro encontrar\u00e9is aquel que dese\u00e1is. Os invitamos a darles un vistazo!<\/p>\n<div id=\"gtx-trans\" style=\"position: absolute; left: -54px; top: -10px;\">\n<div class=\"gtx-trans-icon\"><\/div>\n<\/div>\n[\/mk_fancy_title][\/vc_column][\/mk_page_section][mk_page_section full_width=\u00bbtrue\u00bb js_vertical_centered=\u00bbtrue\u00bb padding_top=\u00bb30&#8243; padding_bottom=\u00bb30&#8243; sidebar=\u00bbsidebar-1&#8243;][vc_column width=\u00bb1\/3&#8243;][mk_custom_box padding_vertical=\u00bb120&#8243; margin_bottom=\u00bb0&#8243; bg_image=\u00bbhttps:\/\/cateringcoquo.com\/wp-content\/uploads\/2019\/11\/coquo-masia-cabanyes-1.jpg\u00bb overlay_color=\u00bbrgba(0,0,0,0.5)\u00bb bg_stretch=\u00bbtrue\u00bb][mk_fancy_title color=\u00bb#ffffff\u00bb size=\u00bb50&#8243; font_weight=\u00bbbold\u00bb txt_transform=\u00bbuppercase\u00bb margin_bottom=\u00bb0&#8243; font_family=\u00bbnone\u00bb align=\u00bbcenter\u00bb animation=\u00bbbottom-to-top\u00bb]<a href=\"https:\/\/cateringcoquo.com\/espais\/masia-cabanyes\/\">MASIA CABANYES<\/a>[\/mk_fancy_title][mk_button dimension=\u00bboutline\u00bb corner_style=\u00bbfull_rounded\u00bb size=\u00bblarge\u00bb letter_spacing=\u00bb4&#8243; url=\u00bbhttps:\/\/cateringcoquo.com\/espais\/masia-cabanyes\/?lang=es\u00bb target=\u00bb_blank\u00bb align=\u00bbcenter\u00bb button_custom_width=\u00bb200&#8243; margin_bottom=\u00bb0&#8243; margin_right=\u00bb0&#8243; outline_skin=\u00bblight\u00bb]VER[\/mk_button][\/mk_custom_box][\/vc_column][vc_column width=\u00bb1\/3&#8243;][mk_custom_box padding_vertical=\u00bb120&#8243; margin_bottom=\u00bb0&#8243; bg_image=\u00bbhttps:\/\/cateringcoquo.com\/wp-content\/uploads\/2020\/02\/coquo-catering-boda-flors-50.jpg\u00bb overlay_color=\u00bbrgba(0,0,0,0.5)\u00bb bg_stretch=\u00bbtrue\u00bb][mk_fancy_title color=\u00bb#ffffff\u00bb size=\u00bb50&#8243; force_font_size=\u00bbtrue\u00bb size_smallscreen=\u00bb42&#8243; size_tablet=\u00bb34&#8243; size_phone=\u00bb50&#8243; font_weight=\u00bbbold\u00bb txt_transform=\u00bbuppercase\u00bb margin_bottom=\u00bb0&#8243; font_family=\u00bbnone\u00bb align=\u00bbcenter\u00bb animation=\u00bbbottom-to-top\u00bb]CAN PAU[\/mk_fancy_title][mk_button dimension=\u00bboutline\u00bb corner_style=\u00bbfull_rounded\u00bb size=\u00bblarge\u00bb letter_spacing=\u00bb4&#8243; url=\u00bb#\u00bb target=\u00bb_blank\u00bb align=\u00bbcenter\u00bb button_custom_width=\u00bb200&#8243; margin_bottom=\u00bb0&#8243; margin_right=\u00bb0&#8243; outline_skin=\u00bblight\u00bb]VER[\/mk_button][\/mk_custom_box][\/vc_column][vc_column width=\u00bb1\/3&#8243;][mk_custom_box padding_vertical=\u00bb120&#8243; margin_bottom=\u00bb0&#8243; bg_image=\u00bbhttps:\/\/cateringcoquo.com\/wp-content\/uploads\/2020\/02\/coquo-catering-torredelveguer.jpg\u00bb overlay_color=\u00bbrgba(0,0,0,0.5)\u00bb bg_stretch=\u00bbtrue\u00bb][mk_fancy_title color=\u00bb#ffffff\u00bb size=\u00bb50&#8243; force_font_size=\u00bbtrue\u00bb size_smallscreen=\u00bb42&#8243; size_tablet=\u00bb34&#8243; size_phone=\u00bb50&#8243; font_weight=\u00bbbold\u00bb txt_transform=\u00bbuppercase\u00bb margin_bottom=\u00bb0&#8243; font_family=\u00bbnone\u00bb align=\u00bbcenter\u00bb animation=\u00bbbottom-to-top\u00bb]TORRE DEL VEGUER[\/mk_fancy_title][mk_button dimension=\u00bboutline\u00bb corner_style=\u00bbfull_rounded\u00bb size=\u00bblarge\u00bb letter_spacing=\u00bb4&#8243; url=\u00bb#\u00bb target=\u00bb_blank\u00bb align=\u00bbcenter\u00bb button_custom_width=\u00bb200&#8243; margin_bottom=\u00bb0&#8243; margin_right=\u00bb0&#8243; outline_skin=\u00bblight\u00bb]VER[\/mk_button][\/mk_custom_box][\/vc_column][\/mk_page_section][mk_page_section full_width=\u00bbtrue\u00bb js_vertical_centered=\u00bbtrue\u00bb padding_top=\u00bb0&#8243; padding_bottom=\u00bb30&#8243; sidebar=\u00bbsidebar-1&#8243;][vc_column width=\u00bb1\/3&#8243;][mk_custom_box padding_vertical=\u00bb120&#8243; margin_bottom=\u00bb0&#8243; bg_image=\u00bbhttps:\/\/cateringcoquo.com\/wp-content\/uploads\/2020\/02\/coquo-catering-capitavidal.jpg\u00bb overlay_color=\u00bbrgba(0,0,0,0.5)\u00bb bg_stretch=\u00bbtrue\u00bb][mk_fancy_title color=\u00bb#ffffff\u00bb size=\u00bb50&#8243; force_font_size=\u00bbtrue\u00bb size_smallscreen=\u00bb42&#8243; size_tablet=\u00bb34&#8243; size_phone=\u00bb50&#8243; font_weight=\u00bbbold\u00bb txt_transform=\u00bbuppercase\u00bb margin_bottom=\u00bb0&#8243; font_family=\u00bbnone\u00bb align=\u00bbcenter\u00bb animation=\u00bbbottom-to-top\u00bb]CAPIT\u00c0 VIDAL[\/mk_fancy_title][mk_button dimension=\u00bboutline\u00bb corner_style=\u00bbfull_rounded\u00bb size=\u00bblarge\u00bb letter_spacing=\u00bb4&#8243; url=\u00bb#\u00bb target=\u00bb_blank\u00bb align=\u00bbcenter\u00bb button_custom_width=\u00bb200&#8243; margin_bottom=\u00bb0&#8243; margin_right=\u00bb0&#8243; outline_skin=\u00bblight\u00bb]VER[\/mk_button][\/mk_custom_box][\/vc_column][\/mk_page_section][mk_page_section bg_color=\u00bb#015356&#8243; bg_position=\u00bbcenter center\u00bb bg_repeat=\u00bbno-repeat\u00bb bg_stretch=\u00bbtrue\u00bb video_opacity=\u00bb0.7&#8243; js_vertical_centered=\u00bbtrue\u00bb padding_top=\u00bb80&#8243; padding_bottom=\u00bb60&#8243; sidebar=\u00bbsidebar-1&#8243;][vc_column][mk_fancy_title tag_name=\u00bbh3&#8243; color=\u00bb#ffffff\u00bb size=\u00bb45&#8243; force_font_size=\u00bbtrue\u00bb size_tablet=\u00bb30&#8243; size_phone=\u00bb20&#8243; line_height=\u00bb90&#8243; font_weight=\u00bb300&#8243; txt_transform=\u00bbuppercase\u00bb font_family=\u00bbnone\u00bb align=\u00bbcenter\u00bb animation=\u00bbbottom-to-top\u00bb]HAZ UNA RESERVA<\/p>\n<div id=\"gtx-trans\" style=\"position: absolute; left: -164px; top: 38px;\">\n<div class=\"gtx-trans-icon\"><\/div>\n<\/div>\n[\/mk_fancy_title][vc_row_inner][vc_column_inner width=\u00bb1\/6&#8243;][\/vc_column_inner][vc_column_inner width=\u00bb2\/3&#8243;]<div class=\"wpforms-container wpforms-container-full\" id=\"wpforms-1108\"><form id=\"wpforms-form-1108\" class=\"wpforms-validate wpforms-form\" data-formid=\"1108\" method=\"post\" enctype=\"multipart\/form-data\" action=\"\/es\/wp-json\/wp\/v2\/pages\/1053\" data-token=\"6acbfdec62920e29af18383dd866f46d\" data-token-time=\"1777427831\"><noscript class=\"wpforms-error-noscript\">Por favor, activa JavaScript en tu navegador para completar este formulario.<\/noscript><div class=\"wpforms-field-container\"><div id=\"wpforms-1108-field_0-container\" class=\"wpforms-field wpforms-field-name\" data-field-id=\"0\"><label class=\"wpforms-field-label wpforms-label-hide\" for=\"wpforms-1108-field_0\">Name <span class=\"wpforms-required-label\">*<\/span><\/label><input type=\"text\" id=\"wpforms-1108-field_0\" class=\"wpforms-field-large wpforms-field-required\" name=\"wpforms[fields][0]\" placeholder=\"Nombre*\" required><\/div><div id=\"wpforms-1108-field_1-container\" class=\"wpforms-field wpforms-field-email\" data-field-id=\"1\"><label class=\"wpforms-field-label wpforms-label-hide\" for=\"wpforms-1108-field_1\">Email <span class=\"wpforms-required-label\">*<\/span><\/label><input type=\"email\" id=\"wpforms-1108-field_1\" class=\"wpforms-field-large wpforms-field-required\" name=\"wpforms[fields][1]\" placeholder=\"E-mail*\" spellcheck=\"false\" required><\/div><div id=\"wpforms-1108-field_2-container\" class=\"wpforms-field wpforms-field-textarea\" data-field-id=\"2\"><label class=\"wpforms-field-label wpforms-label-hide\" for=\"wpforms-1108-field_2\">Missatge <span class=\"wpforms-required-label\">*<\/span><\/label><textarea id=\"wpforms-1108-field_2\" class=\"wpforms-field-medium wpforms-field-required\" name=\"wpforms[fields][2]\" placeholder=\"Mensaje\" required><\/textarea><\/div><div id=\"wpforms-1108-field_3-container\" class=\"wpforms-field wpforms-field-checkbox\" data-field-id=\"3\"><label class=\"wpforms-field-label wpforms-label-hide\">Checkboxes <span class=\"wpforms-required-label\">*<\/span><\/label><ul id=\"wpforms-1108-field_3\" class=\"wpforms-field-required\"><li class=\"choice-1 depth-1\"><input type=\"checkbox\" id=\"wpforms-1108-field_3_1\" name=\"wpforms[fields][3][]\" value=\"&lt;font color=&quot;white&quot;&gt;* Doy mi consentimiento para que Coquo Catering recopile mis datos.&lt;\/font&gt;\" required ><label class=\"wpforms-field-label-inline\" for=\"wpforms-1108-field_3_1\"><font color=\"white\">* Doy mi consentimiento para que Coquo Catering recopile mis datos.<\/font><\/label><\/li><\/ul><\/div><\/div><!-- .wpforms-field-container --><div class=\"wpforms-field wpforms-field-hp\"><label for=\"wpforms-1108-field-hp\" class=\"wpforms-field-label\">Message<\/label><input type=\"text\" name=\"wpforms[hp]\" id=\"wpforms-1108-field-hp\" class=\"wpforms-field-medium\"><\/div><div class=\"wpforms-submit-container\" ><input type=\"hidden\" name=\"wpforms[id]\" value=\"1108\"><input type=\"hidden\" name=\"page_title\" value=\"\"><input type=\"hidden\" name=\"page_url\" value=\"https:\/\/cateringcoquo.com\/es\/wp-json\/wp\/v2\/pages\/1053\"><input type=\"hidden\" name=\"url_referer\" value=\"\"><button type=\"submit\" name=\"wpforms[submit]\" id=\"wpforms-submit-1108\" class=\"wpforms-submit\" data-alt-text=\"Enviar...\" data-submit-text=\"Enviar\" aria-live=\"assertive\" value=\"wpforms-submit\">Enviar<\/button><\/div><\/form><\/div>  <!-- .wpforms-container -->[\/vc_column_inner][vc_column_inner width=\u00bb1\/6&#8243;][\/vc_column_inner][\/vc_row_inner][\/vc_column][\/mk_page_section]\n","protected":false},"excerpt":{"rendered":"<p>[mk_page_section bg_image=\u00bbhttps:\/\/cateringcoquo.com\/wp-content\/uploads\/2019\/09\/coquo-catering-casaments-23.jpg\u00bb bg_position=\u00bbcenter center\u00bb bg_repeat=\u00bbno-repeat\u00bb bg_stretch=\u00bbtrue\u00bb video_color_mask=\u00bb#000000&#8243; video_opacity=\u00bb0.5&#8243; min_height=\u00bb600&#8243; js_vertical_centered=\u00bbtrue\u00bb sidebar=\u00bbsidebar-1&#8243;][vc_column][mk_fancy_title tag_name=\u00bbh1&#8243; color=\u00bb#ffffff\u00bb size=\u00bb70&#8243; force_font_size=\u00bbtrue\u00bb size_tablet=\u00bb70&#8243; font_weight=\u00bbbold\u00bb txt_transform=\u00bbnone\u00bb margin_bottom=\u00bb0&#8243; font_family=\u00bbnone\u00bb align=\u00bbcenter\u00bb animation=\u00bbfade-in\u00bb]ESPACIOS [\/mk_fancy_title][\/vc_column][\/mk_page_section][mk_page_section bg_color=\u00bb#015356&#8243; bg_position=\u00bbcenter center\u00bb bg_repeat=\u00bbno-repeat\u00bb video_opacity=\u00bb0.5&#8243; min_height=\u00bb0&#8243; padding_top=\u00bb80&#8243; padding_bottom=\u00bb80&#8243; sidebar=\u00bbsidebar-1&#8243;][vc_column][mk_fancy_title strip_tags=\u00bbtrue\u00bb color=\u00bb#ffffff\u00bb size=\u00bb21&#8243; force_font_size=\u00bbtrue\u00bb size_phone=\u00bb18&#8243; line_height=\u00bb140&#8243; font_weight=\u00bb400&#8243; font_style=\u00bbnormal\u00bb txt_transform=\u00bbnone\u00bb margin_bottom=\u00bb0&#8243; font_family=\u00bbMontserrat\u00bb font_type=\u00bbgoogle\u00bb align=\u00bbcenter\u00bb animation=\u00bbright-to-left\u00bb]Los eventos son muy importantes y deber\u00edan ser siempre una [&hellip;]<\/p>\n","protected":false},"author":1,"featured_media":0,"parent":0,"menu_order":0,"comment_status":"closed","ping_status":"closed","template":"","meta":{"footnotes":""},"class_list":["post-1053","page","type-page","status-publish","hentry"],"yoast_head":"<!-- This site is optimized with the Yoast SEO plugin v27.3 - https:\/\/yoast.com\/product\/yoast-seo-wordpress\/ -->\n<title>Espais per a catering - Catering Coquo<\/title>\n<meta name=\"description\" content=\"Els esdeveniments s\u00f3n molt importants i haurien de ser sempre una gran il\u00b7lusi\u00f3. Aix\u00ed doncs, \u00e9s molt important saber triar un lloc que s&#039;adapti perfectament al que vols.\" \/>\n<meta name=\"robots\" content=\"index, follow, max-snippet:-1, max-image-preview:large, max-video-preview:-1\" \/>\n<link rel=\"canonical\" href=\"https:\/\/cateringcoquo.com\/es\/espais\/\" \/>\n<meta property=\"og:locale\" content=\"es_ES\" \/>\n<meta property=\"og:type\" content=\"article\" \/>\n<meta property=\"og:title\" content=\"Espais per a catering - Catering Coquo\" \/>\n<meta property=\"og:description\" content=\"Els esdeveniments s\u00f3n molt importants i haurien de ser sempre una gran il\u00b7lusi\u00f3. Aix\u00ed doncs, \u00e9s molt important saber triar un lloc que s&#039;adapti perfectament al que vols.\" \/>\n<meta property=\"og:url\" content=\"https:\/\/cateringcoquo.com\/es\/espais\/\" \/>\n<meta property=\"og:site_name\" content=\"Catering Coquo\" \/>\n<meta property=\"article:modified_time\" content=\"2020-05-26T08:00:33+00:00\" \/>\n<meta name=\"twitter:card\" content=\"summary_large_image\" \/>\n<meta name=\"twitter:label1\" content=\"Tiempo de lectura\" \/>\n\t<meta name=\"twitter:data1\" content=\"4 minutos\" \/>\n<script type=\"application\/ld+json\" class=\"yoast-schema-graph\">{\"@context\":\"https:\\\/\\\/schema.org\",\"@graph\":[{\"@type\":\"WebPage\",\"@id\":\"https:\\\/\\\/cateringcoquo.com\\\/es\\\/espais\\\/\",\"url\":\"https:\\\/\\\/cateringcoquo.com\\\/es\\\/espais\\\/\",\"name\":\"Espais per a catering - Catering Coquo\",\"isPartOf\":{\"@id\":\"https:\\\/\\\/cateringcoquo.com\\\/es\\\/#website\"},\"datePublished\":\"2019-09-30T08:56:42+00:00\",\"dateModified\":\"2020-05-26T08:00:33+00:00\",\"description\":\"Els esdeveniments s\u00f3n molt importants i haurien de ser sempre una gran il\u00b7lusi\u00f3. Aix\u00ed doncs, \u00e9s molt important saber triar un lloc que s'adapti perfectament al que vols.\",\"breadcrumb\":{\"@id\":\"https:\\\/\\\/cateringcoquo.com\\\/es\\\/espais\\\/#breadcrumb\"},\"inLanguage\":\"es\",\"potentialAction\":[{\"@type\":\"ReadAction\",\"target\":[\"https:\\\/\\\/cateringcoquo.com\\\/es\\\/espais\\\/\"]}]},{\"@type\":\"BreadcrumbList\",\"@id\":\"https:\\\/\\\/cateringcoquo.com\\\/es\\\/espais\\\/#breadcrumb\",\"itemListElement\":[{\"@type\":\"ListItem\",\"position\":1,\"name\":\"Portada\",\"item\":\"https:\\\/\\\/cateringcoquo.com\\\/es\\\/\"},{\"@type\":\"ListItem\",\"position\":2,\"name\":\"Espais\"}]},{\"@type\":\"WebSite\",\"@id\":\"https:\\\/\\\/cateringcoquo.com\\\/es\\\/#website\",\"url\":\"https:\\\/\\\/cateringcoquo.com\\\/es\\\/\",\"name\":\"Catering Coquo\",\"description\":\"Empresa de c\u00e0tering en Barcelona\",\"potentialAction\":[{\"@type\":\"SearchAction\",\"target\":{\"@type\":\"EntryPoint\",\"urlTemplate\":\"https:\\\/\\\/cateringcoquo.com\\\/es\\\/?s={search_term_string}\"},\"query-input\":{\"@type\":\"PropertyValueSpecification\",\"valueRequired\":true,\"valueName\":\"search_term_string\"}}],\"inLanguage\":\"es\"}]}<\/script>\n<!-- \/ Yoast SEO plugin. -->","yoast_head_json":{"title":"Espais per a catering - Catering Coquo","description":"Els esdeveniments s\u00f3n molt importants i haurien de ser sempre una gran il\u00b7lusi\u00f3. Aix\u00ed doncs, \u00e9s molt important saber triar un lloc que s'adapti perfectament al que vols.","robots":{"index":"index","follow":"follow","max-snippet":"max-snippet:-1","max-image-preview":"max-image-preview:large","max-video-preview":"max-video-preview:-1"},"canonical":"https:\/\/cateringcoquo.com\/es\/espais\/","og_locale":"es_ES","og_type":"article","og_title":"Espais per a catering - Catering Coquo","og_description":"Els esdeveniments s\u00f3n molt importants i haurien de ser sempre una gran il\u00b7lusi\u00f3. Aix\u00ed doncs, \u00e9s molt important saber triar un lloc que s'adapti perfectament al que vols.","og_url":"https:\/\/cateringcoquo.com\/es\/espais\/","og_site_name":"Catering Coquo","article_modified_time":"2020-05-26T08:00:33+00:00","twitter_card":"summary_large_image","twitter_misc":{"Tiempo de lectura":"4 minutos"},"schema":{"@context":"https:\/\/schema.org","@graph":[{"@type":"WebPage","@id":"https:\/\/cateringcoquo.com\/es\/espais\/","url":"https:\/\/cateringcoquo.com\/es\/espais\/","name":"Espais per a catering - Catering Coquo","isPartOf":{"@id":"https:\/\/cateringcoquo.com\/es\/#website"},"datePublished":"2019-09-30T08:56:42+00:00","dateModified":"2020-05-26T08:00:33+00:00","description":"Els esdeveniments s\u00f3n molt importants i haurien de ser sempre una gran il\u00b7lusi\u00f3. Aix\u00ed doncs, \u00e9s molt important saber triar un lloc que s'adapti perfectament al que vols.","breadcrumb":{"@id":"https:\/\/cateringcoquo.com\/es\/espais\/#breadcrumb"},"inLanguage":"es","potentialAction":[{"@type":"ReadAction","target":["https:\/\/cateringcoquo.com\/es\/espais\/"]}]},{"@type":"BreadcrumbList","@id":"https:\/\/cateringcoquo.com\/es\/espais\/#breadcrumb","itemListElement":[{"@type":"ListItem","position":1,"name":"Portada","item":"https:\/\/cateringcoquo.com\/es\/"},{"@type":"ListItem","position":2,"name":"Espais"}]},{"@type":"WebSite","@id":"https:\/\/cateringcoquo.com\/es\/#website","url":"https:\/\/cateringcoquo.com\/es\/","name":"Catering Coquo","description":"Empresa de c\u00e0tering en Barcelona","potentialAction":[{"@type":"SearchAction","target":{"@type":"EntryPoint","urlTemplate":"https:\/\/cateringcoquo.com\/es\/?s={search_term_string}"},"query-input":{"@type":"PropertyValueSpecification","valueRequired":true,"valueName":"search_term_string"}}],"inLanguage":"es"}]}},"_links":{"self":[{"href":"https:\/\/cateringcoquo.com\/es\/wp-json\/wp\/v2\/pages\/1053","targetHints":{"allow":["GET"]}}],"collection":[{"href":"https:\/\/cateringcoquo.com\/es\/wp-json\/wp\/v2\/pages"}],"about":[{"href":"https:\/\/cateringcoquo.com\/es\/wp-json\/wp\/v2\/types\/page"}],"author":[{"embeddable":true,"href":"https:\/\/cateringcoquo.com\/es\/wp-json\/wp\/v2\/users\/1"}],"replies":[{"embeddable":true,"href":"https:\/\/cateringcoquo.com\/es\/wp-json\/wp\/v2\/comments?post=1053"}],"version-history":[{"count":7,"href":"https:\/\/cateringcoquo.com\/es\/wp-json\/wp\/v2\/pages\/1053\/revisions"}],"predecessor-version":[{"id":1551,"href":"https:\/\/cateringcoquo.com\/es\/wp-json\/wp\/v2\/pages\/1053\/revisions\/1551"}],"wp:attachment":[{"href":"https:\/\/cateringcoquo.com\/es\/wp-json\/wp\/v2\/media?parent=1053"}],"curies":[{"name":"wp","href":"https:\/\/api.w.org\/{rel}","templated":true}]}}