{"id":1024,"date":"2019-09-30T08:55:09","date_gmt":"2019-09-30T08:55:09","guid":{"rendered":"https:\/\/cateringcoquo.com\/catering-coquo-el-dia-del-teu-casaments-te-que-ser-especial\/"},"modified":"2020-05-25T16:42:31","modified_gmt":"2020-05-25T16:42:31","slug":"casaments","status":"publish","type":"page","link":"https:\/\/cateringcoquo.com\/es\/casaments\/","title":{"rendered":"Casaments coquo catering"},"content":{"rendered":"[mk_page_section bg_image=\u00bbhttps:\/\/cateringcoquo.com\/wp-content\/uploads\/2019\/09\/coquo-catering-casaments-20.jpg\u00bb bg_position=\u00bbcenter center\u00bb bg_repeat=\u00bbno-repeat\u00bb bg_stretch=\u00bbtrue\u00bb video_color_mask=\u00bb#000000&#8243; video_opacity=\u00bb0.5&#8243; min_height=\u00bb600&#8243; js_vertical_centered=\u00bbtrue\u00bb sidebar=\u00bbsidebar-1&#8243;][vc_column][mk_fancy_title tag_name=\u00bbh1&#8243; color=\u00bb#ffffff\u00bb size=\u00bb70&#8243; force_font_size=\u00bbtrue\u00bb size_tablet=\u00bb70&#8243; font_weight=\u00bbbold\u00bb txt_transform=\u00bbnone\u00bb margin_bottom=\u00bb0&#8243; font_family=\u00bbnone\u00bb align=\u00bbcenter\u00bb animation=\u00bbfade-in\u00bb]BODAS<\/p>\n<div id=\"gtx-trans\" style=\"position: absolute; left: -118px; top: 38px;\">\n<div class=\"gtx-trans-icon\"><\/div>\n<\/div>\n[\/mk_fancy_title][\/vc_column][\/mk_page_section][mk_page_section bg_color=\u00bb#015356&#8243; bg_position=\u00bbcenter center\u00bb bg_repeat=\u00bbno-repeat\u00bb video_opacity=\u00bb0.5&#8243; min_height=\u00bb0&#8243; padding_top=\u00bb80&#8243; padding_bottom=\u00bb80&#8243; sidebar=\u00bbsidebar-1&#8243;][vc_column width=\u00bb1\/3&#8243;][mk_icon_box2 icon_type=\u00bbimage\u00bb icon_size=\u00bbinherit\u00bb icon_image=\u00bbhttps:\/\/cateringcoquo.com\/wp-content\/uploads\/2019\/10\/iconos-coquo-elegancia-1.png\u00bb title_color=\u00bb#ffffff\u00bb title_top_padding=\u00bb0&#8243; title_bottom_padding=\u00bb0&#8243; description_color=\u00bb#ffffff\u00bb animation=\u00bbtop-to-bottom\u00bb]\n<h4 style=\"color: white;\">ELEGANCIA<\/h4>\n[\/mk_icon_box2][mk_padding_divider size=\u00bb30&#8243; visibility=\u00bbvisible-sm\u00bb][\/vc_column][vc_column width=\u00bb1\/3&#8243;][mk_icon_box2 icon_type=\u00bbimage\u00bb icon_size=\u00bbinherit\u00bb icon_image=\u00bbhttps:\/\/cateringcoquo.com\/wp-content\/uploads\/2019\/10\/iconos-coquo-carta-1.png\u00bb title_color=\u00bb#ffffff\u00bb title_top_padding=\u00bb0&#8243; title_bottom_padding=\u00bb0&#8243; description_color=\u00bb#ffffff\u00bb animation=\u00bbtop-to-bottom\u00bb]\n<h4 style=\"color: white;\">MEN\u00daS FLEXIBLES Y ADAPTADOS<\/h4>\n[\/mk_icon_box2][mk_padding_divider size=\u00bb30&#8243; visibility=\u00bbvisible-sm\u00bb][\/vc_column][vc_column width=\u00bb1\/3&#8243;][mk_icon_box2 icon_type=\u00bbimage\u00bb icon_size=\u00bbinherit\u00bb icon_image=\u00bbhttps:\/\/cateringcoquo.com\/wp-content\/uploads\/2019\/10\/iconos-coquo-servicio-1.png\u00bb title_color=\u00bb#ffffff\u00bb title_top_padding=\u00bb0&#8243; title_bottom_padding=\u00bb0&#8243; description_color=\u00bb#ffffff\u00bb animation=\u00bbtop-to-bottom\u00bb]\n<h4 style=\"color: white;\">TRATO PERSONALIZADO<\/h4>\n<div id=\"gtx-trans\" style=\"position: absolute; left: 227px; top: 67.2656px;\">\n<div class=\"gtx-trans-icon\"><\/div>\n<\/div>\n[\/mk_icon_box2][mk_padding_divider size=\u00bb30&#8243; visibility=\u00bbvisible-sm\u00bb][\/vc_column][\/mk_page_section][vc_row][vc_column][mk_padding_divider size=\u00bb100&#8243;][\/vc_column][\/vc_row][vc_row][vc_column width=\u00bb1\/2&#8243;][mk_image src=\u00bbhttps:\/\/cateringcoquo.com\/wp-content\/uploads\/2019\/09\/coquo-catering-casaments-3.jpg\u00bb image_size=\u00bbfull\u00bb animation=\u00bbbottom-to-top\u00bb][mk_padding_divider size=\u00bb30&#8243;][\/vc_column][vc_column width=\u00bb1\/2&#8243;][mk_fancy_title color=\u00bb#111111&#8243; size=\u00bb55&#8243; force_font_size=\u00bbtrue\u00bb size_phone=\u00bb38&#8243; font_weight=\u00bb300&#8243; font_style=\u00bbnormal\u00bb txt_transform=\u00bbuppercase\u00bb margin_bottom=\u00bb0&#8243; font_family=\u00bbMontserrat\u00bb font_type=\u00bbgoogle\u00bb animation=\u00bbright-to-left\u00bb]\n<p class=\"p1\">TU D\u00cdA M\u00c1S ESPECIAL ACOMPA\u00d1ADO DE SABORES INOLVIDABLES<\/p>\n<div id=\"gtx-trans\" style=\"position: absolute; left: -260px; top: -10px;\">\n<div class=\"gtx-trans-icon\"><\/div>\n<\/div>\n[\/mk_fancy_title][mk_divider style=\u00bbthin_solid\u00bb thin_single_color=\u00bb#006266&#8243; thickness=\u00bb7&#8243; margin_top=\u00bb23&#8243; margin_bottom=\u00bb53&#8243; animation=\u00bbright-to-left\u00bb][mk_image src=\u00bbhttps:\/\/cateringcoquo.com\/wp-content\/uploads\/2019\/09\/coquo-catering-casaments-7-1.jpg\u00bb image_size=\u00bbfull\u00bb margin_bottom=\u00bb30&#8243; animation=\u00bbright-to-left\u00bb][\/vc_column][\/vc_row][vc_row fullwidth=\u00bbtrue\u00bb equal_columns=\u00bbtrue\u00bb css=\u00bb.vc_custom_1570092097814{margin-top: 50px !important;margin-bottom: 50px !important;}\u00bb][vc_column width=\u00bb1\/2&#8243; css=\u00bb.vc_custom_1570091522826{background-image: url(https:\/\/cateringcoquo.com\/wp-content\/uploads\/2019\/09\/coquo-catering-casaments-14.jpg?id=222) !important;background-position: center !important;background-repeat: no-repeat !important;background-size: cover !important;}\u00bb][mk_padding_divider size=\u00bb500&#8243;][\/vc_column][vc_column width=\u00bb1\/4&#8243;][mk_fancy_title tag_name=\u00bbspan\u00bb color=\u00bb#111111&#8243; size=\u00bb18&#8243; force_font_size=\u00bbtrue\u00bb size_phone=\u00bb16&#8243; line_height=\u00bb160&#8243; font_weight=\u00bb300&#8243; font_style=\u00bbnormal\u00bb txt_transform=\u00bbnone\u00bb margin_top=\u00bb30&#8243; margin_bottom=\u00bb30&#8243; font_family=\u00bbMontserrat\u00bb font_type=\u00bbgoogle\u00bb responsive_align=\u00bbleft\u00bb animation=\u00bbbottom-to-top\u00bb]Ha llegado vuestro d\u00eda, uno de los m\u00e1s importantes de vuestra vida, todo tiene que estar listo para este momento tan especial y tan m\u00e1gico y sabemos que el banquete es un elemento indispensable. Por ello, ponemos todo a vuestra disposici\u00f3n para que todo salga tal como lo hab\u00edais pensado. Men\u00fas flexibles capaces de adaptarse a las necesidades de la ocasi\u00f3n y un servicio de catering integral para que este d\u00eda se convierta en lo que siempre hab\u00edais deseado junto con los m\u00e1s queridos.[\/mk_fancy_title][\/vc_column][vc_column width=\u00bb1\/4&#8243;][\/vc_column][\/vc_row][vc_row fullwidth=\u00bbtrue\u00bb equal_columns=\u00bbtrue\u00bb css=\u00bb.vc_custom_1570092097814{margin-top: 50px !important;margin-bottom: 50px !important;}\u00bb][vc_column width=\u00bb1\/3&#8243; css=\u00bb.vc_custom_1582042452361{background-position: center !important;background-repeat: no-repeat !important;background-size: cover !important;}\u00bb][\/vc_column][vc_column width=\u00bb1\/3&#8243;][mk_image src=\u00bbhttps:\/\/cateringcoquo.com\/wp-content\/uploads\/2020\/02\/coquo-catering-dossier-mockup-1.jpg\u00bb image_size=\u00bbfull\u00bb link=\u00bbhttps:\/\/cateringcoquo.com\/wp-content\/uploads\/2020\/02\/coquocatering-casaments.pdf\u00bb align=\u00bbcenter\u00bb][mk_button dimension=\u00bboutline\u00bb corner_style=\u00bbfull_rounded\u00bb size=\u00bblarge\u00bb letter_spacing=\u00bb1&#8243; url=\u00bbhttps:\/\/cateringcoquo.com\/wp-content\/uploads\/2020\/05\/coquo-catering-bodas-comprimido.pdf\u00bb align=\u00bbcenter\u00bb fullwidth=\u00bbtrue\u00bb outline_skin=\u00bbcustom\u00bb outline_active_color=\u00bb#005457&#8243; outline_active_text_color=\u00bb#005457&#8243; outline_hover_bg_color=\u00bb#000000&#8243; outline_hover_color=\u00bb#ffffff\u00bb]VER EL CAT\u00c1LOGO DE BODAS[\/mk_button][\/vc_column][vc_column width=\u00bb1\/3&#8243;][\/vc_column][\/vc_row][mk_page_section bg_image=\u00bbhttps:\/\/cateringcoquo.com\/wp-content\/uploads\/2019\/09\/coquo-catering-casaments-1.jpg\u00bb bg_position=\u00bbcenter bottom\u00bb bg_repeat=\u00bbno-repeat\u00bb bg_stretch=\u00bbtrue\u00bb video_color_mask=\u00bb#000000&#8243; video_opacity=\u00bb0.5&#8243; min_height=\u00bb600&#8243; full_width=\u00bbtrue\u00bb js_vertical_centered=\u00bbtrue\u00bb padding_top=\u00bb80&#8243; padding_bottom=\u00bb80&#8243; sidebar=\u00bbsidebar-1&#8243;][vc_column][mk_fancy_title color=\u00bb#ffffff\u00bb size=\u00bb70&#8243; force_font_size=\u00bbtrue\u00bb size_tablet=\u00bb40&#8243; size_phone=\u00bb40&#8243; font_weight=\u00bb300&#8243; txt_transform=\u00bbuppercase\u00bb margin_bottom=\u00bb0&#8243; font_family=\u00bbMontserrat\u00bb font_type=\u00bbgoogle\u00bb align=\u00bbcenter\u00bb animation=\u00bbflip-x\u00bb]EL D\u00cdA M\u00c1S ESPECIAL, LOS SABORES M\u00c1S INOLVIDABLES[\/mk_fancy_title][\/vc_column][\/mk_page_section][vc_row visibility=\u00bbhidden-sm\u00bb css=\u00bb.vc_custom_1570035096381{margin-top: 100px !important;margin-bottom: 100px !important;}\u00bb][vc_column width=\u00bb2\/3&#8243;][mk_fancy_title color=\u00bb#111111&#8243; size=\u00bb42&#8243; force_font_size=\u00bbtrue\u00bb size_phone=\u00bb20&#8243; font_weight=\u00bbbold\u00bb font_style=\u00bbnormal\u00bb txt_transform=\u00bbuppercase\u00bb margin_top=\u00bb6&#8243; margin_bottom=\u00bb0&#8243; font_family=\u00bbMontserrat\u00bb font_type=\u00bbgoogle\u00bb animation=\u00bbright-to-left\u00bb]\n<p class=\"p1\">Men\u00fa personalizado a medida<\/p>\n[\/mk_fancy_title][mk_divider style=\u00bbthin_solid\u00bb divider_width=\u00bbcustom_width\u00bb custom_width=\u00bb700&#8243; align=\u00bbleft\u00bb thin_single_color=\u00bb#006266&#8243; thickness=\u00bb5&#8243; margin_top=\u00bb0&#8243; margin_bottom=\u00bb30&#8243; animation=\u00bbright-to-left\u00bb][\/vc_column][vc_column width=\u00bb1\/3&#8243;][\/vc_column][\/vc_row][vc_row fullwidth=\u00bbtrue\u00bb visibility=\u00bbhidden-sm\u00bb][vc_column][mk_gallery images=\u00bb281,280,279,276,275,253,243,245,222,221,213,215,264,251,250,255,257,256,248,239,224,218,220,210,200,706,705,704,689,690,699,685,675,667,670,669,671,652,654,688&#8243; column=\u00bb5&#8243; image_size=\u00bblarge\u00bb item_spacing=\u00bb5&#8243; margin_bottom=\u00bb0&#8243; pagination=\u00bbtrue\u00bb count=\u00bb15&#8243;][\/vc_column][\/vc_row][mk_page_section bg_color=\u00bb#015356&#8243; bg_stretch=\u00bbtrue\u00bb full_width=\u00bbtrue\u00bb padding_top=\u00bb80&#8243; padding_bottom=\u00bb60&#8243; sidebar=\u00bbsidebar-1&#8243;][vc_column][mk_fancy_title tag_name=\u00bbh3&#8243; color=\u00bb#ffffff\u00bb size=\u00bb45&#8243; line_height=\u00bb90&#8243; font_weight=\u00bb300&#8243; txt_transform=\u00bbuppercase\u00bb font_family=\u00bbnone\u00bb align=\u00bbcenter\u00bb animation=\u00bbbottom-to-top\u00bb]HAZ UNA RESERVA<\/p>\n<div id=\"gtx-trans\" style=\"position: absolute; left: -269px; top: -10px;\">\n<div class=\"gtx-trans-icon\"><\/div>\n<\/div>\n[\/mk_fancy_title][vc_row_inner is_fullwidth_content=\u00bbfalse\u00bb][vc_column_inner width=\u00bb1\/6&#8243;][\/vc_column_inner][vc_column_inner width=\u00bb2\/3&#8243;]<div class=\"wpforms-container wpforms-container-full\" id=\"wpforms-1104\"><form id=\"wpforms-form-1104\" class=\"wpforms-validate wpforms-form\" data-formid=\"1104\" method=\"post\" enctype=\"multipart\/form-data\" action=\"\/es\/wp-json\/wp\/v2\/pages\/1024\" data-token=\"2395203ec902902aee20062b5a3d9448\" data-token-time=\"1776839497\"><noscript class=\"wpforms-error-noscript\">Por favor, activa JavaScript en tu navegador para completar este formulario.<\/noscript><div class=\"wpforms-field-container\"><div id=\"wpforms-1104-field_0-container\" class=\"wpforms-field wpforms-field-name\" data-field-id=\"0\"><label class=\"wpforms-field-label wpforms-label-hide\" for=\"wpforms-1104-field_0\">Name <span class=\"wpforms-required-label\">*<\/span><\/label><input type=\"text\" id=\"wpforms-1104-field_0\" class=\"wpforms-field-large wpforms-field-required\" name=\"wpforms[fields][0]\" placeholder=\"Nombre*\" required><\/div><div id=\"wpforms-1104-field_1-container\" class=\"wpforms-field wpforms-field-email\" data-field-id=\"1\"><label class=\"wpforms-field-label wpforms-label-hide\" for=\"wpforms-1104-field_1\">Email <span class=\"wpforms-required-label\">*<\/span><\/label><input type=\"email\" id=\"wpforms-1104-field_1\" class=\"wpforms-field-large wpforms-field-required\" name=\"wpforms[fields][1]\" placeholder=\"E-mail*\" spellcheck=\"false\" required><\/div><div id=\"wpforms-1104-field_2-container\" class=\"wpforms-field wpforms-field-textarea\" data-field-id=\"2\"><label class=\"wpforms-field-label wpforms-label-hide\" for=\"wpforms-1104-field_2\">Missatge <span class=\"wpforms-required-label\">*<\/span><\/label><textarea id=\"wpforms-1104-field_2\" class=\"wpforms-field-medium wpforms-field-required\" name=\"wpforms[fields][2]\" placeholder=\"Mensaje\" required><\/textarea><\/div><div id=\"wpforms-1104-field_3-container\" class=\"wpforms-field wpforms-field-checkbox\" data-field-id=\"3\"><label class=\"wpforms-field-label wpforms-label-hide\">Checkboxes <span class=\"wpforms-required-label\">*<\/span><\/label><ul id=\"wpforms-1104-field_3\" class=\"wpforms-field-required\"><li class=\"choice-1 depth-1\"><input type=\"checkbox\" id=\"wpforms-1104-field_3_1\" name=\"wpforms[fields][3][]\" value=\"&lt;font color=&quot;white&quot;&gt;* Doy mi consentimiento para que Coquo Catering recopile mis datos.&lt;\/font&gt;\" required ><label class=\"wpforms-field-label-inline\" for=\"wpforms-1104-field_3_1\"><font color=\"white\">* Doy mi consentimiento para que Coquo Catering recopile mis datos.<\/font><\/label><\/li><\/ul><\/div><\/div><!-- .wpforms-field-container --><div class=\"wpforms-field wpforms-field-hp\"><label for=\"wpforms-1104-field-hp\" class=\"wpforms-field-label\">Email<\/label><input type=\"text\" name=\"wpforms[hp]\" id=\"wpforms-1104-field-hp\" class=\"wpforms-field-medium\"><\/div><div class=\"wpforms-submit-container\" ><input type=\"hidden\" name=\"wpforms[id]\" value=\"1104\"><input type=\"hidden\" name=\"page_title\" value=\"\"><input type=\"hidden\" name=\"page_url\" value=\"https:\/\/cateringcoquo.com\/es\/wp-json\/wp\/v2\/pages\/1024\"><input type=\"hidden\" name=\"url_referer\" value=\"\"><button type=\"submit\" name=\"wpforms[submit]\" id=\"wpforms-submit-1104\" class=\"wpforms-submit\" data-alt-text=\"Enviar...\" data-submit-text=\"Enviar\" aria-live=\"assertive\" value=\"wpforms-submit\">Enviar<\/button><\/div><\/form><\/div>  <!-- .wpforms-container -->[\/vc_column_inner][vc_column_inner width=\u00bb1\/6&#8243;][\/vc_column_inner][\/vc_row_inner][\/vc_column][\/mk_page_section]\n","protected":false},"excerpt":{"rendered":"<p>[mk_page_section bg_image=\u00bbhttps:\/\/cateringcoquo.com\/wp-content\/uploads\/2019\/09\/coquo-catering-casaments-20.jpg\u00bb bg_position=\u00bbcenter center\u00bb bg_repeat=\u00bbno-repeat\u00bb bg_stretch=\u00bbtrue\u00bb video_color_mask=\u00bb#000000&#8243; video_opacity=\u00bb0.5&#8243; min_height=\u00bb600&#8243; js_vertical_centered=\u00bbtrue\u00bb sidebar=\u00bbsidebar-1&#8243;][vc_column][mk_fancy_title tag_name=\u00bbh1&#8243; color=\u00bb#ffffff\u00bb size=\u00bb70&#8243; force_font_size=\u00bbtrue\u00bb size_tablet=\u00bb70&#8243; font_weight=\u00bbbold\u00bb txt_transform=\u00bbnone\u00bb margin_bottom=\u00bb0&#8243; font_family=\u00bbnone\u00bb align=\u00bbcenter\u00bb animation=\u00bbfade-in\u00bb]BODAS [\/mk_fancy_title][\/vc_column][\/mk_page_section][mk_page_section bg_color=\u00bb#015356&#8243; bg_position=\u00bbcenter center\u00bb bg_repeat=\u00bbno-repeat\u00bb video_opacity=\u00bb0.5&#8243; min_height=\u00bb0&#8243; padding_top=\u00bb80&#8243; padding_bottom=\u00bb80&#8243; sidebar=\u00bbsidebar-1&#8243;][vc_column width=\u00bb1\/3&#8243;][mk_icon_box2 icon_type=\u00bbimage\u00bb icon_size=\u00bbinherit\u00bb icon_image=\u00bbhttps:\/\/cateringcoquo.com\/wp-content\/uploads\/2019\/10\/iconos-coquo-elegancia-1.png\u00bb title_color=\u00bb#ffffff\u00bb title_top_padding=\u00bb0&#8243; title_bottom_padding=\u00bb0&#8243; description_color=\u00bb#ffffff\u00bb animation=\u00bbtop-to-bottom\u00bb] ELEGANCIA [\/mk_icon_box2][mk_padding_divider size=\u00bb30&#8243; visibility=\u00bbvisible-sm\u00bb][\/vc_column][vc_column width=\u00bb1\/3&#8243;][mk_icon_box2 icon_type=\u00bbimage\u00bb icon_size=\u00bbinherit\u00bb icon_image=\u00bbhttps:\/\/cateringcoquo.com\/wp-content\/uploads\/2019\/10\/iconos-coquo-carta-1.png\u00bb title_color=\u00bb#ffffff\u00bb title_top_padding=\u00bb0&#8243; title_bottom_padding=\u00bb0&#8243; description_color=\u00bb#ffffff\u00bb animation=\u00bbtop-to-bottom\u00bb] MEN\u00daS [&hellip;]<\/p>\n","protected":false},"author":1,"featured_media":0,"parent":0,"menu_order":0,"comment_status":"closed","ping_status":"closed","template":"","meta":{"footnotes":""},"class_list":["post-1024","page","type-page","status-publish","hentry"],"yoast_head":"<!-- This site is optimized with the Yoast SEO plugin v27.3 - https:\/\/yoast.com\/product\/yoast-seo-wordpress\/ -->\n<title>Catering Coquo el dia del teu casaments te que ser especial<\/title>\n<meta name=\"description\" content=\"El vostre casament, els dia m\u00e9s important de la vostra vida, tot ha d&#039;estar a punt per a aquest moment tan especial i sabem que el banquet \u00e9s indispensable.\" \/>\n<meta name=\"robots\" content=\"index, follow, max-snippet:-1, max-image-preview:large, max-video-preview:-1\" \/>\n<link rel=\"canonical\" href=\"https:\/\/cateringcoquo.com\/es\/casaments\/\" \/>\n<meta property=\"og:locale\" content=\"es_ES\" \/>\n<meta property=\"og:type\" content=\"article\" \/>\n<meta property=\"og:title\" content=\"Catering Coquo el dia del teu casaments te que ser especial\" \/>\n<meta property=\"og:description\" content=\"El vostre casament, els dia m\u00e9s important de la vostra vida, tot ha d&#039;estar a punt per a aquest moment tan especial i sabem que el banquet \u00e9s indispensable.\" \/>\n<meta property=\"og:url\" content=\"https:\/\/cateringcoquo.com\/es\/casaments\/\" \/>\n<meta property=\"og:site_name\" content=\"Catering Coquo\" \/>\n<meta property=\"article:modified_time\" content=\"2020-05-25T16:42:31+00:00\" \/>\n<meta name=\"twitter:card\" content=\"summary_large_image\" \/>\n<meta name=\"twitter:label1\" content=\"Tiempo de lectura\" \/>\n\t<meta name=\"twitter:data1\" content=\"5 minutos\" \/>\n<script type=\"application\/ld+json\" class=\"yoast-schema-graph\">{\"@context\":\"https:\\\/\\\/schema.org\",\"@graph\":[{\"@type\":\"WebPage\",\"@id\":\"https:\\\/\\\/cateringcoquo.com\\\/es\\\/casaments\\\/\",\"url\":\"https:\\\/\\\/cateringcoquo.com\\\/es\\\/casaments\\\/\",\"name\":\"Catering Coquo el dia del teu casaments te que ser especial\",\"isPartOf\":{\"@id\":\"https:\\\/\\\/cateringcoquo.com\\\/es\\\/#website\"},\"datePublished\":\"2019-09-30T08:55:09+00:00\",\"dateModified\":\"2020-05-25T16:42:31+00:00\",\"description\":\"El vostre casament, els dia m\u00e9s important de la vostra vida, tot ha d'estar a punt per a aquest moment tan especial i sabem que el banquet \u00e9s indispensable.\",\"breadcrumb\":{\"@id\":\"https:\\\/\\\/cateringcoquo.com\\\/es\\\/casaments\\\/#breadcrumb\"},\"inLanguage\":\"es\",\"potentialAction\":[{\"@type\":\"ReadAction\",\"target\":[\"https:\\\/\\\/cateringcoquo.com\\\/es\\\/casaments\\\/\"]}]},{\"@type\":\"BreadcrumbList\",\"@id\":\"https:\\\/\\\/cateringcoquo.com\\\/es\\\/casaments\\\/#breadcrumb\",\"itemListElement\":[{\"@type\":\"ListItem\",\"position\":1,\"name\":\"Portada\",\"item\":\"https:\\\/\\\/cateringcoquo.com\\\/es\\\/\"},{\"@type\":\"ListItem\",\"position\":2,\"name\":\"Casaments coquo catering\"}]},{\"@type\":\"WebSite\",\"@id\":\"https:\\\/\\\/cateringcoquo.com\\\/es\\\/#website\",\"url\":\"https:\\\/\\\/cateringcoquo.com\\\/es\\\/\",\"name\":\"Catering Coquo\",\"description\":\"Empresa de c\u00e0tering en Barcelona\",\"potentialAction\":[{\"@type\":\"SearchAction\",\"target\":{\"@type\":\"EntryPoint\",\"urlTemplate\":\"https:\\\/\\\/cateringcoquo.com\\\/es\\\/?s={search_term_string}\"},\"query-input\":{\"@type\":\"PropertyValueSpecification\",\"valueRequired\":true,\"valueName\":\"search_term_string\"}}],\"inLanguage\":\"es\"}]}<\/script>\n<!-- \/ Yoast SEO plugin. -->","yoast_head_json":{"title":"Catering Coquo el dia del teu casaments te que ser especial","description":"El vostre casament, els dia m\u00e9s important de la vostra vida, tot ha d'estar a punt per a aquest moment tan especial i sabem que el banquet \u00e9s indispensable.","robots":{"index":"index","follow":"follow","max-snippet":"max-snippet:-1","max-image-preview":"max-image-preview:large","max-video-preview":"max-video-preview:-1"},"canonical":"https:\/\/cateringcoquo.com\/es\/casaments\/","og_locale":"es_ES","og_type":"article","og_title":"Catering Coquo el dia del teu casaments te que ser especial","og_description":"El vostre casament, els dia m\u00e9s important de la vostra vida, tot ha d'estar a punt per a aquest moment tan especial i sabem que el banquet \u00e9s indispensable.","og_url":"https:\/\/cateringcoquo.com\/es\/casaments\/","og_site_name":"Catering Coquo","article_modified_time":"2020-05-25T16:42:31+00:00","twitter_card":"summary_large_image","twitter_misc":{"Tiempo de lectura":"5 minutos"},"schema":{"@context":"https:\/\/schema.org","@graph":[{"@type":"WebPage","@id":"https:\/\/cateringcoquo.com\/es\/casaments\/","url":"https:\/\/cateringcoquo.com\/es\/casaments\/","name":"Catering Coquo el dia del teu casaments te que ser especial","isPartOf":{"@id":"https:\/\/cateringcoquo.com\/es\/#website"},"datePublished":"2019-09-30T08:55:09+00:00","dateModified":"2020-05-25T16:42:31+00:00","description":"El vostre casament, els dia m\u00e9s important de la vostra vida, tot ha d'estar a punt per a aquest moment tan especial i sabem que el banquet \u00e9s indispensable.","breadcrumb":{"@id":"https:\/\/cateringcoquo.com\/es\/casaments\/#breadcrumb"},"inLanguage":"es","potentialAction":[{"@type":"ReadAction","target":["https:\/\/cateringcoquo.com\/es\/casaments\/"]}]},{"@type":"BreadcrumbList","@id":"https:\/\/cateringcoquo.com\/es\/casaments\/#breadcrumb","itemListElement":[{"@type":"ListItem","position":1,"name":"Portada","item":"https:\/\/cateringcoquo.com\/es\/"},{"@type":"ListItem","position":2,"name":"Casaments coquo catering"}]},{"@type":"WebSite","@id":"https:\/\/cateringcoquo.com\/es\/#website","url":"https:\/\/cateringcoquo.com\/es\/","name":"Catering Coquo","description":"Empresa de c\u00e0tering en Barcelona","potentialAction":[{"@type":"SearchAction","target":{"@type":"EntryPoint","urlTemplate":"https:\/\/cateringcoquo.com\/es\/?s={search_term_string}"},"query-input":{"@type":"PropertyValueSpecification","valueRequired":true,"valueName":"search_term_string"}}],"inLanguage":"es"}]}},"_links":{"self":[{"href":"https:\/\/cateringcoquo.com\/es\/wp-json\/wp\/v2\/pages\/1024","targetHints":{"allow":["GET"]}}],"collection":[{"href":"https:\/\/cateringcoquo.com\/es\/wp-json\/wp\/v2\/pages"}],"about":[{"href":"https:\/\/cateringcoquo.com\/es\/wp-json\/wp\/v2\/types\/page"}],"author":[{"embeddable":true,"href":"https:\/\/cateringcoquo.com\/es\/wp-json\/wp\/v2\/users\/1"}],"replies":[{"embeddable":true,"href":"https:\/\/cateringcoquo.com\/es\/wp-json\/wp\/v2\/comments?post=1024"}],"version-history":[{"count":7,"href":"https:\/\/cateringcoquo.com\/es\/wp-json\/wp\/v2\/pages\/1024\/revisions"}],"predecessor-version":[{"id":1091,"href":"https:\/\/cateringcoquo.com\/es\/wp-json\/wp\/v2\/pages\/1024\/revisions\/1091"}],"wp:attachment":[{"href":"https:\/\/cateringcoquo.com\/es\/wp-json\/wp\/v2\/media?parent=1024"}],"curies":[{"name":"wp","href":"https:\/\/api.w.org\/{rel}","templated":true}]}}